{"id":3892,"date":"2024-05-22T13:12:53","date_gmt":"2024-05-22T11:12:53","guid":{"rendered":"https:\/\/europanova.eu\/?page_id=3892"},"modified":"2024-05-22T13:12:53","modified_gmt":"2024-05-22T11:12:53","slug":"le-rapport-dactivite-2023","status":"publish","type":"page","link":"https:\/\/europanova.eu\/en\/le-rapport-dactivite-2023\/","title":{"rendered":"Le rapport d&rsquo;activit\u00e9 2023"},"content":{"rendered":"<p class=\"wp-block-paragraph\"><\/p>\n\n\n\n<p class=\"wp-block-paragraph\">Chaque ann\u00e9e, EuropaNova publie son rapport d&rsquo;activit\u00e9 qui compile tous les <a href=\"https:\/\/europanova.eu\/en\/le-club-europanova\/\" data-type=\"page\" data-id=\"2805\">Clubs EuropaNova<\/a>, les publications du <a href=\"https:\/\/europanova.eu\/en\/qui-sommes-nous\/le-comite-scientifique\/\" data-type=\"page\" data-id=\"2123\">Comit\u00e9 scientifique<\/a>, ainsi que ses <a href=\"https:\/\/europanova.eu\/en\/notre-impact\/notre-actualite\/\" data-type=\"page\" data-id=\"3566\">actualit\u00e9s<\/a> au cours de l&rsquo;ann\u00e9e.  D\u00e9couvrez le rapport d&rsquo;activit\u00e9 annuel 2023 ci-dessous.<\/p>\n\n\n\n<div data-wp-interactive=\"core\/file\" class=\"wp-block-file\"><object data-wp-bind--hidden=\"!state.hasPdfPreview\" hidden class=\"wp-block-file__embed\" data=\"https:\/\/europanova.eu\/wp-content\/uploads\/2024\/05\/Rapport-dactivite-2023.pdf\" type=\"application\/pdf\" style=\"width:100%;height:600px\" aria-label=\"Embed of Rapport d&apos;activit\u00e9 2023.\"><\/object><a id=\"wp-block-file--media-45474e60-d149-44ea-8bf6-f90ad28e6e3e\" href=\"https:\/\/europanova.eu\/wp-content\/uploads\/2024\/05\/Rapport-dactivite-2023.pdf\">Rapport d&rsquo;activit\u00e9 2023<\/a><a href=\"https:\/\/europanova.eu\/wp-content\/uploads\/2024\/05\/Rapport-dactivite-2023.pdf\" class=\"wp-block-file__button wp-element-button\" download aria-describedby=\"wp-block-file--media-45474e60-d149-44ea-8bf6-f90ad28e6e3e\">Download<\/a><\/div>","protected":false},"excerpt":{"rendered":"<p>Chaque ann\u00e9e, EuropaNova publie son rapport d&rsquo;activit\u00e9 qui compile tous les Clubs EuropaNova, les publications du Comit\u00e9 scientifique, ainsi que ses actualit\u00e9s au cours de l&rsquo;ann\u00e9e. D\u00e9couvrez le rapport d&rsquo;activit\u00e9 annuel 2023 ci-dessous.<\/p>","protected":false},"author":234807144,"featured_media":0,"parent":0,"menu_order":0,"comment_status":"closed","ping_status":"closed","template":"","meta":{"_crdt_document":"","advanced_seo_description":"","jetpack_seo_html_title":"","jetpack_seo_noindex":false,"footnotes":""},"class_list":["post-3892","page","type-page","status-publish","hentry"],"jetpack_likes_enabled":true,"jetpack_sharing_enabled":true,"jetpack_shortlink":"https:\/\/wp.me\/PeMWIh-10M","_links":{"self":[{"href":"https:\/\/europanova.eu\/en\/wp-json\/wp\/v2\/pages\/3892","targetHints":{"allow":["GET"]}}],"collection":[{"href":"https:\/\/europanova.eu\/en\/wp-json\/wp\/v2\/pages"}],"about":[{"href":"https:\/\/europanova.eu\/en\/wp-json\/wp\/v2\/types\/page"}],"author":[{"embeddable":true,"href":"https:\/\/europanova.eu\/en\/wp-json\/wp\/v2\/users\/234807144"}],"replies":[{"embeddable":true,"href":"https:\/\/europanova.eu\/en\/wp-json\/wp\/v2\/comments?post=3892"}],"version-history":[{"count":5,"href":"https:\/\/europanova.eu\/en\/wp-json\/wp\/v2\/pages\/3892\/revisions"}],"predecessor-version":[{"id":3898,"href":"https:\/\/europanova.eu\/en\/wp-json\/wp\/v2\/pages\/3892\/revisions\/3898"}],"wp:attachment":[{"href":"https:\/\/europanova.eu\/en\/wp-json\/wp\/v2\/media?parent=3892"}],"curies":[{"name":"wp","href":"https:\/\/api.w.org\/{rel}","templated":true}]}}