{"id":3429,"date":"2024-04-02T20:00:55","date_gmt":"2024-04-02T18:00:55","guid":{"rendered":"https:\/\/europanova.eu\/?page_id=3429"},"modified":"2024-04-05T16:16:38","modified_gmt":"2024-04-05T14:16:38","slug":"interviews-europanova-politico","status":"publish","type":"page","link":"https:\/\/europanova.eu\/en\/interviews-europanova-politico\/","title":{"rendered":"Interviews EuropaNova &amp; POLITICO"},"content":{"rendered":"<p class=\"wp-block-paragraph\"><\/p>\n\n\n\n<div class=\"wp-block-group has-border-color has-contrast-border-color is-vertical is-content-justification-center is-layout-flex wp-container-core-group-is-layout-da242947 wp-block-group-is-layout-flex\" style=\"padding-top:0%;padding-right:0%;padding-bottom:0%;padding-left:0%\">\n<p class=\"wp-block-paragraph\"><\/p>\n\n\n\n<p class=\"wp-block-paragraph\">Watch the debates on our Youtube channel and Spotify account.<\/p>\n\n\n\n<div class=\"wp-block-group is-nowrap is-layout-flex wp-container-core-group-is-layout-f56f613f wp-block-group-is-layout-flex\">\n<ul class=\"wp-block-social-links has-huge-icon-size is-content-justification-center is-layout-flex wp-container-core-social-links-is-layout-20959078 wp-block-social-links-is-layout-flex\"><li class=\"wp-social-link wp-social-link-youtube  wp-block-social-link\"><a href=\"https:\/\/youtube.com\/@EuropaNova\" class=\"wp-block-social-link-anchor\"><svg width=\"24\" height=\"24\" viewbox=\"0 0 24 24\" version=\"1.1\" xmlns=\"http:\/\/www.w3.org\/2000\/svg\" aria-hidden=\"true\" focusable=\"false\"><path d=\"M21.8,8.001c0,0-0.195-1.378-0.795-1.985c-0.76-0.797-1.613-0.801-2.004-0.847c-2.799-0.202-6.997-0.202-6.997-0.202 h-0.009c0,0-4.198,0-6.997,0.202C4.608,5.216,3.756,5.22,2.995,6.016C2.395,6.623,2.2,8.001,2.2,8.001S2,9.62,2,11.238v1.517 c0,1.618,0.2,3.237,0.2,3.237s0.195,1.378,0.795,1.985c0.761,0.797,1.76,0.771,2.205,0.855c1.6,0.153,6.8,0.201,6.8,0.201 s4.203-0.006,7.001-0.209c0.391-0.047,1.243-0.051,2.004-0.847c0.6-0.607,0.795-1.985,0.795-1.985s0.2-1.618,0.2-3.237v-1.517 C22,9.62,21.8,8.001,21.8,8.001z M9.935,14.594l-0.001-5.62l5.404,2.82L9.935,14.594z\"><\/path><\/svg><span class=\"wp-block-social-link-label screen-reader-text\">YouTube<\/span><\/a><\/li>\n\n<li class=\"wp-social-link wp-social-link-spotify  wp-block-social-link\"><a href=\"https:\/\/open.spotify.com\/show\/6Nuy1gVEzmqHGvhTWqSWeh\" class=\"wp-block-social-link-anchor\"><svg width=\"24\" height=\"24\" viewbox=\"0 0 24 24\" version=\"1.1\" xmlns=\"http:\/\/www.w3.org\/2000\/svg\" aria-hidden=\"true\" focusable=\"false\"><path d=\"M12,2C6.477,2,2,6.477,2,12c0,5.523,4.477,10,10,10c5.523,0,10-4.477,10-10C22,6.477,17.523,2,12,2 M16.586,16.424 c-0.18,0.295-0.563,0.387-0.857,0.207c-2.348-1.435-5.304-1.76-8.785-0.964c-0.335,0.077-0.67-0.133-0.746-0.469 c-0.077-0.335,0.132-0.67,0.469-0.746c3.809-0.871,7.077-0.496,9.713,1.115C16.673,15.746,16.766,16.13,16.586,16.424 M17.81,13.7 c-0.226,0.367-0.706,0.482-1.072,0.257c-2.687-1.652-6.785-2.131-9.965-1.166C6.36,12.917,5.925,12.684,5.8,12.273 C5.675,11.86,5.908,11.425,6.32,11.3c3.632-1.102,8.147-0.568,11.234,1.328C17.92,12.854,18.035,13.335,17.81,13.7 M17.915,10.865 c-3.223-1.914-8.54-2.09-11.618-1.156C5.804,9.859,5.281,9.58,5.131,9.086C4.982,8.591,5.26,8.069,5.755,7.919 c3.532-1.072,9.404-0.865,13.115,1.338c0.445,0.264,0.59,0.838,0.327,1.282C18.933,10.983,18.359,11.129,17.915,10.865\"><\/path><\/svg><span class=\"wp-block-social-link-label screen-reader-text\">Spotify<\/span><\/a><\/li><\/ul>\n<\/div>\n\n\n\n<p class=\"wp-block-paragraph\"><\/p>\n<\/div>\n\n\n\n<div class=\"wp-block-group alignfull has-global-padding is-content-justification-center is-layout-constrained wp-container-core-group-is-layout-7702c84b wp-block-group-is-layout-constrained\" style=\"margin-top:0;margin-bottom:0;padding-top:calc( 0.5 * var(--wp--style--root--padding-right, var(--wp--custom--gap--horizontal)));padding-right:var(--wp--style--root--padding-right, var(--wp--custom--gap--horizontal));padding-bottom:calc( 0.5 * var(--wp--style--root--padding-right, var(--wp--custom--gap--horizontal)));padding-left:var(--wp--style--root--padding-left, var(--wp--custom--gap--horizontal))\">\n<div style=\"height:calc( 0.25 * var(--wp--style--root--padding-right, var(--wp--custom--gap--horizontal)))\" aria-hidden=\"true\" class=\"wp-block-spacer\"><\/div>\n\n\n\n<div data-wp-context=\"{}\" data-wp-interactive=\"core\/query\" data-wp-key=\"9\" data-wp-router-region=\"query-9\" class=\"wp-block-query alignwide is-layout-flow wp-block-query-is-layout-flow\"><ul class=\"wp-block-post-template is-layout-flow wp-container-core-post-template-is-layout-1f0cc803 wp-block-post-template-is-layout-flow\"><li data-wp-key=\"post-template-item-3462\" class=\"wp-block-post post-3462 post type-post status-publish format-standard has-post-thumbnail hentry category-europeennes-2024 category-partenariat-europanova-x-politico\">\n\n<div class=\"wp-block-group is-nowrap is-layout-flex wp-container-core-group-is-layout-5faa0eca wp-block-group-is-layout-flex\" style=\"border-bottom-width:1px;padding-top:8px;padding-bottom:8px\"><h3 class=\"has-text-align-left no-underline wp-block-post-title has-medium-font-size wp-container-content-9cfa9a5a\"><a href=\"https:\/\/europanova.eu\/en\/2024\/04\/04\/%f0%9f%87%aa%f0%9f%87%baeuropeennes-retour-sur-le-deuxieme-debat-public-organise-hier-par-europanova-en-partenariat-avec-politico-avec-valerie-hayer\/\" target=\"_self\" >\ud83c\uddea\ud83c\uddfaEurop\u00e9ennes : retour sur le deuxi\u00e8me d\u00e9bat public organis\u00e9 hier par EuropaNova, en partenariat avec Politico, avec Val\u00e9rie Hayer<\/a><\/h3>\n\n<div class=\"has-text-align-right wp-block-post-date\"><time datetime=\"2024-04-04T17:31:25+02:00\">April 4, 2024<\/time><\/div><\/div>\n\n<\/li><li data-wp-key=\"post-template-item-3387\" class=\"wp-block-post post-3387 post type-post status-publish format-standard hentry category-europeennes-2024 category-notre-actualite category-partenariat-europanova-x-politico\">\n\n<div class=\"wp-block-group is-nowrap is-layout-flex wp-container-core-group-is-layout-5faa0eca wp-block-group-is-layout-flex\" style=\"border-bottom-width:1px;padding-top:8px;padding-bottom:8px\"><h3 class=\"has-text-align-left no-underline wp-block-post-title has-medium-font-size wp-container-content-9cfa9a5a\"><a href=\"https:\/\/europanova.eu\/en\/2024\/03\/29\/%f0%9f%87%aa%f0%9f%87%ba-europeennes-retour-sur-le-premier-debat-public-organise-hier-par-europanova-en-partenariat-avec-politico-avec-jordan-bardella\/\" target=\"_self\" >European elections: 1st public debate organized yesterday by EuropaNova in partnership with POLITICO, featuring Jordan Bardella<\/a><\/h3>\n\n<div class=\"has-text-align-right wp-block-post-date\"><time datetime=\"2024-03-29T13:45:03+01:00\">March 29, 2024<\/time><\/div><\/div>\n\n<\/li><li data-wp-key=\"post-template-item-3199\" class=\"wp-block-post post-3199 post type-post status-publish format-standard has-post-thumbnail hentry category-communiques-de-presse category-europeennes-2024 category-partenariat-europanova-x-politico category-presse\">\n\n<div class=\"wp-block-group is-nowrap is-layout-flex wp-container-core-group-is-layout-5faa0eca wp-block-group-is-layout-flex\" style=\"border-bottom-width:1px;padding-top:8px;padding-bottom:8px\"><h3 class=\"has-text-align-left no-underline wp-block-post-title has-medium-font-size wp-container-content-9cfa9a5a\"><a href=\"https:\/\/europanova.eu\/en\/2024\/03\/05\/partenariat-europanova-x-politico\/\" target=\"_self\" >Press release - Partnership EuropaNova x POLITICO<\/a><\/h3>\n\n<div class=\"has-text-align-right wp-block-post-date\"><time datetime=\"2024-03-05T11:13:39+01:00\">March 5, 2024<\/time><\/div><\/div>\n\n<\/li><\/ul><\/div>\n\n\n\n<div style=\"height:calc( 0.25 * var(--wp--style--root--padding-right, var(--wp--custom--gap--horizontal)))\" aria-hidden=\"true\" class=\"wp-block-spacer\"><\/div>\n<\/div>\n\n\n\n<p class=\"wp-block-paragraph\"><strong>EuropaNova and POLITICO form a partnership for 2024 European elections<\/strong><\/p>\n\n\n\n<p class=\"wp-block-paragraph\">As part of the upcoming European elections on June 9, 2024, the EuropaNova association is pleased to announce its partnership with POLITICO for a series of exclusive interviews entitled \"European Elections 2024: Candidates answer 'Playbook Paris'\" at EuropaNova, 64 bis Avenue de New York, from March to April 2024.<\/p>\n\n\n\n<p class=\"wp-block-paragraph\">Please contact Isabelle N\u00e9grier, EuropaNova's Executive Director, if you would like to visit the site, as places are very limited:&nbsp;<a href=\"mailto:isabelle.negrier@europanova.eu\">isabelle.negrier@europanova.eu<\/a><\/p>\n\n\n\n<div class=\"wp-block-columns is-layout-flex wp-container-core-columns-is-layout-f56f613f wp-block-columns-is-layout-flex\">\n<div class=\"wp-block-column is-layout-flow wp-block-column-is-layout-flow\">\n<figure class=\"wp-block-embed is-type-video is-provider-youtube wp-block-embed-youtube wp-embed-aspect-16-9 wp-has-aspect-ratio\"><div class=\"wp-block-embed__wrapper\">\n<span class=\"embed-youtube\" style=\"text-align:center; display: block;\"><iframe loading=\"lazy\" class=\"youtube-player\" width=\"640\" height=\"360\" src=\"https:\/\/www.youtube.com\/embed\/O1DFNyaGSWI?version=3&#038;rel=1&#038;showsearch=0&#038;showinfo=1&#038;iv_load_policy=1&#038;fs=1&#038;hl=en-GB&#038;autohide=2&#038;wmode=transparent\" allowfullscreen=\"true\" style=\"border:0;\" sandbox=\"allow-scripts allow-same-origin allow-popups allow-presentation allow-popups-to-escape-sandbox\"><\/iframe><\/span>\n<\/div><\/figure>\n<\/div>\n\n\n\n<div class=\"wp-block-column is-layout-flow wp-block-column-is-layout-flow\">\n<figure class=\"wp-block-embed is-type-video is-provider-youtube wp-block-embed-youtube wp-embed-aspect-16-9 wp-has-aspect-ratio\"><div class=\"wp-block-embed__wrapper\">\n<span class=\"embed-youtube\" style=\"text-align:center; display: block;\"><iframe loading=\"lazy\" class=\"youtube-player\" width=\"640\" height=\"360\" src=\"https:\/\/www.youtube.com\/embed\/8gbBR9CHn4c?version=3&#038;rel=1&#038;showsearch=0&#038;showinfo=1&#038;iv_load_policy=1&#038;fs=1&#038;hl=en-GB&#038;autohide=2&#038;wmode=transparent\" allowfullscreen=\"true\" style=\"border:0;\" sandbox=\"allow-scripts allow-same-origin allow-popups allow-presentation allow-popups-to-escape-sandbox\"><\/iframe><\/span>\n<\/div><\/figure>\n<\/div>\n<\/div>","protected":false},"excerpt":{"rendered":"<p>Regardez les d\u00e9bats sur notre chaine Youtube et notre compte Spotify. EuropaNova et POLITICO s&rsquo;associent pour les \u00e9lections europ\u00e9ennes 2024 Dans le cadre des prochaines \u00e9lections europ\u00e9ennes du 9 juin 2024, l\u2019association EuropaNova est heureuse d&rsquo;annoncer son partenariat avec POLITICO pour une s\u00e9rie d&rsquo;entretiens exclusifs intitul\u00e9e \u00ab&nbsp;\u00c9lections europ\u00e9ennes 2024 : Les candidats r\u00e9pondent \u00e0 Playbook [&hellip;]<\/p>\n","protected":false},"author":234807144,"featured_media":3203,"parent":0,"menu_order":0,"comment_status":"closed","ping_status":"closed","template":"","meta":{"_crdt_document":"","advanced_seo_description":"","jetpack_seo_html_title":"","jetpack_seo_noindex":false,"footnotes":""},"class_list":["post-3429","page","type-page","status-publish","has-post-thumbnail","hentry"],"jetpack_likes_enabled":true,"jetpack_sharing_enabled":true,"jetpack_shortlink":"https:\/\/wp.me\/PeMWIh-Tj","_links":{"self":[{"href":"https:\/\/europanova.eu\/en\/wp-json\/wp\/v2\/pages\/3429","targetHints":{"allow":["GET"]}}],"collection":[{"href":"https:\/\/europanova.eu\/en\/wp-json\/wp\/v2\/pages"}],"about":[{"href":"https:\/\/europanova.eu\/en\/wp-json\/wp\/v2\/types\/page"}],"author":[{"embeddable":true,"href":"https:\/\/europanova.eu\/en\/wp-json\/wp\/v2\/users\/234807144"}],"replies":[{"embeddable":true,"href":"https:\/\/europanova.eu\/en\/wp-json\/wp\/v2\/comments?post=3429"}],"version-history":[{"count":6,"href":"https:\/\/europanova.eu\/en\/wp-json\/wp\/v2\/pages\/3429\/revisions"}],"predecessor-version":[{"id":3512,"href":"https:\/\/europanova.eu\/en\/wp-json\/wp\/v2\/pages\/3429\/revisions\/3512"}],"wp:featuredmedia":[{"embeddable":true,"href":"https:\/\/europanova.eu\/en\/wp-json\/wp\/v2\/media\/3203"}],"wp:attachment":[{"href":"https:\/\/europanova.eu\/en\/wp-json\/wp\/v2\/media?parent=3429"}],"curies":[{"name":"wp","href":"https:\/\/api.w.org\/{rel}","templated":true}]}}