{"id":2881,"date":"2024-01-29T11:44:04","date_gmt":"2024-01-29T10:44:04","guid":{"rendered":"https:\/\/europanova.eu\/?page_id=2881"},"modified":"2024-02-13T10:48:29","modified_gmt":"2024-02-13T09:48:29","slug":"chargee-de-developpement-des-partenariats","status":"publish","type":"page","link":"https:\/\/europanova.eu\/en\/rejoignez-nous\/travaillez-avec-nous\/mecenat-de-competences\/chargee-de-developpement-des-partenariats\/","title":{"rendered":"Responsable de d\u00e9veloppement des partenariats"},"content":{"rendered":"<p class=\"wp-block-paragraph\"><em>Le m\u00e9c\u00e9nat de comp\u00e9tences est un don en nature : il s\u2019agit pour une entreprise de mettre des collaborateurs \u00e0 disposition d\u2019un organisme d\u2019int\u00e9r\u00eat g\u00e9n\u00e9ral, qui vont mobiliser pendant un temps leurs comp\u00e9tences ou leur force de travail. Sa mise \u00e0 disposition se fait sur son temps de travail, avec des conditions fiscales avantageuses.<\/em><\/p>\n\n\n\n<p class=\"wp-block-paragraph\"><strong>EUROPANOVA<\/strong><\/p>\n\n\n\n<p class=\"wp-block-paragraph\">EuropaNova, reconnue d&rsquo;int\u00e9r\u00eat g\u00e9n\u00e9ral, est un think-and-do tank europ\u00e9en bas\u00e9 \u00e0 Paris. Fond\u00e9e il y a 20 ans par des jeunes visionnaires tels que Guillaume Klossa et Enrico Letta, cette association \u00e0 but non lucratif \u0153uvre pour la transition europ\u00e9enne dans une d\u00e9marche d\u00e9mocratique, num\u00e9rique, \u00e9conomique et environnementale. Elle adopte une approche transpartisane, transdisciplinaire et transg\u00e9n\u00e9rationnelle. En plus de publier une lettre d&rsquo;analyse bi-mensuelle sur l&rsquo;Europe, EuropaNova a r\u00e9cemment lanc\u00e9 le Premier Conclave europ\u00e9en pour stimuler un dialogue constructif sur les enjeux europ\u00e9ens, impliquant leaders et citoyens dans la d\u00e9finition d&rsquo;un futur europ\u00e9en uni et ambitieux.<\/p>\n\n\n\n<p class=\"wp-block-paragraph\"><strong>VOTRE ENTREPRISE OU ORGANISATION&nbsp;<\/strong><\/p>\n\n\n\n<p class=\"wp-block-paragraph\">Votre entreprise est-elle \u00e9ligible au m\u00e9c\u00e9nat de comp\u00e9tences pour une dur\u00e9e maximale de 2 ans ? Avez-vous plus de deux ans d&rsquo;anciennet\u00e9 dans votre entit\u00e9 ? Si vous souhaitez vivre une exp\u00e9rience associative engag\u00e9e en Europe et offrir temporairement vos comp\u00e9tences au service de l&rsquo;int\u00e9r\u00eat g\u00e9n\u00e9ral europ\u00e9en, EuropaNova, reconnue d&rsquo;int\u00e9r\u00eat g\u00e9n\u00e9ral, peut accueillir des salari\u00e9s en m\u00e9c\u00e9nat de comp\u00e9tences. Votre entreprise b\u00e9n\u00e9ficiera d&rsquo;une d\u00e9duction fiscale de 66% sur les charges patronales et salariales pendant la p\u00e9riode de mise \u00e0 disposition, qui peut aller de 1 \u00e0 2 ans.<\/p>\n\n\n\n<p class=\"wp-block-paragraph\"><strong>DESCRIPTIF DU POSTE<\/strong><\/p>\n\n\n\n<ul class=\"wp-block-list\">\n<li><strong>Responsabilit\u00e9s :<\/strong><ul><li>Identifier et \u00e9tablir des partenariats strat\u00e9giques.<\/li><\/ul><ul><li>R\u00e9diger des propositions de partenariat et assurer le suivi administratif.<\/li><\/ul><ul><li>Mener des actions de recherche de financement.<\/li><\/ul><ul><li>Suivre les partenariats existants et d\u00e9velopper des relations durables.<\/li><\/ul>\n<ul class=\"wp-block-list\">\n<li><strong>Comp\u00e9tences requises :<\/strong><ul><li>Aptitudes en n\u00e9gociation et en r\u00e9seau.<\/li><\/ul><ul><li>Exp\u00e9rience en d\u00e9veloppement de partenariats et en lev\u00e9e de fonds.<\/li><\/ul>\n<ul class=\"wp-block-list\">\n<li>Capacit\u00e9 \u00e0 travailler de mani\u00e8re autonome et proactive.<\/li>\n<\/ul>\n<\/li>\n<\/ul>\n<\/li>\n<\/ul>\n\n\n\n<p class=\"wp-block-paragraph\"><strong>Qualit\u00e9s souhait\u00e9es : agilit\u00e9, souplesse, polyvalence, sens du collectif et des responsabilit\u00e9s, autonomie, ma\u00eetrise de l&rsquo;anglais, motivation pour les sujets europ\u00e9ens.<\/strong><\/p>\n\n\n\n<p class=\"wp-block-paragraph\">Les candidats doivent v\u00e9rifier l&rsquo;\u00e9ligibilit\u00e9 de leur employeur au m\u00e9c\u00e9nat de comp\u00e9tences.<\/p>\n\n\n\n<p class=\"wp-block-paragraph\">Lieu :&nbsp;64 bis Avenue de New York, 75016, Paris<\/p>\n\n\n\n<p class=\"wp-block-paragraph\">Condition :&nbsp;Pr\u00e9sentiel \u00e0 temps plein avec possibilit\u00e9 de t\u00e9l\u00e9travail 1 jour par semaine<\/p>\n\n\n\n<p class=\"wp-block-paragraph\">Manager :&nbsp;Directrice g\u00e9n\u00e9rale<\/p>\n\n\n\n<p class=\"wp-block-paragraph\">Contact :&nbsp;Envoyez votre candidature \u00e0 Isabelle N\u00e9grier, directrice g\u00e9n\u00e9rale d&rsquo;EuropaNova, \u00e0 l&rsquo;adresse suivante :&nbsp;<a href=\"mailto:isabelle.negrier@europanova.eu\">isabelle.negrier@europanova.eu<\/a>&nbsp;<strong><\/strong><\/p>\n\n\n\n<div data-wp-interactive=\"core\/file\" class=\"wp-block-file aligncenter\"><object data-wp-bind--hidden=\"!state.hasPdfPreview\" hidden class=\"wp-block-file__embed\" data=\"https:\/\/europanova.eu\/wp-content\/uploads\/2024\/02\/Responsable-de-developpement-des-partenariats.pdf\" type=\"application\/pdf\" style=\"width:100%;height:600px\" aria-label=\"Embed of Responsable-de-developpement-des-partenariats.\"><\/object><a id=\"wp-block-file--media-507e8a60-6329-4c09-8c26-fc71ba576471\" href=\"https:\/\/europanova.eu\/wp-content\/uploads\/2024\/02\/Responsable-de-developpement-des-partenariats.pdf\">Responsable-de-developpement-des-partenariats<\/a><a href=\"https:\/\/europanova.eu\/wp-content\/uploads\/2024\/02\/Responsable-de-developpement-des-partenariats.pdf\" class=\"wp-block-file__button wp-element-button\" download aria-describedby=\"wp-block-file--media-507e8a60-6329-4c09-8c26-fc71ba576471\">T\u00e9l\u00e9charger l&rsquo;offre au format PDF<\/a><\/div>","protected":false},"excerpt":{"rendered":"<p>Le m\u00e9c\u00e9nat de comp\u00e9tences est un don en nature : il s\u2019agit pour une entreprise de mettre des collaborateurs \u00e0 disposition d\u2019un organisme d\u2019int\u00e9r\u00eat g\u00e9n\u00e9ral, qui vont mobiliser pendant un temps leurs comp\u00e9tences ou leur force de travail. Sa mise \u00e0 disposition se fait sur son temps de travail, avec des conditions fiscales avantageuses. EUROPANOVA [&hellip;]<\/p>\n","protected":false},"author":234807144,"featured_media":0,"parent":2869,"menu_order":28,"comment_status":"closed","ping_status":"closed","template":"","meta":{"_crdt_document":"","advanced_seo_description":"","jetpack_seo_html_title":"","jetpack_seo_noindex":false,"jetpack_post_was_ever_published":false,"footnotes":""},"class_list":["post-2881","page","type-page","status-publish","hentry"],"jetpack_likes_enabled":true,"jetpack_sharing_enabled":true,"jetpack_shortlink":"https:\/\/wp.me\/PeMWIh-Kt","_links":{"self":[{"href":"https:\/\/europanova.eu\/en\/wp-json\/wp\/v2\/pages\/2881","targetHints":{"allow":["GET"]}}],"collection":[{"href":"https:\/\/europanova.eu\/en\/wp-json\/wp\/v2\/pages"}],"about":[{"href":"https:\/\/europanova.eu\/en\/wp-json\/wp\/v2\/types\/page"}],"author":[{"embeddable":true,"href":"https:\/\/europanova.eu\/en\/wp-json\/wp\/v2\/users\/234807144"}],"replies":[{"embeddable":true,"href":"https:\/\/europanova.eu\/en\/wp-json\/wp\/v2\/comments?post=2881"}],"version-history":[{"count":4,"href":"https:\/\/europanova.eu\/en\/wp-json\/wp\/v2\/pages\/2881\/revisions"}],"predecessor-version":[{"id":3091,"href":"https:\/\/europanova.eu\/en\/wp-json\/wp\/v2\/pages\/2881\/revisions\/3091"}],"up":[{"embeddable":true,"href":"https:\/\/europanova.eu\/en\/wp-json\/wp\/v2\/pages\/2869"}],"wp:attachment":[{"href":"https:\/\/europanova.eu\/en\/wp-json\/wp\/v2\/media?parent=2881"}],"curies":[{"name":"wp","href":"https:\/\/api.w.org\/{rel}","templated":true}]}}