{"id":2838,"date":"2024-01-25T18:07:51","date_gmt":"2024-01-25T17:07:51","guid":{"rendered":"https:\/\/europanova.eu\/?page_id=2838"},"modified":"2024-01-25T18:12:24","modified_gmt":"2024-01-25T17:12:24","slug":"soutenez-nous","status":"publish","type":"page","link":"https:\/\/europanova.eu\/en\/rejoignez-nous\/soutenez-nous\/","title":{"rendered":"Support us!"},"content":{"rendered":"<div class=\"wp-block-group is-vertical is-content-justification-center is-layout-flex wp-container-core-group-is-layout-8402a06a wp-block-group-is-layout-flex\">\n<p class=\"has-text-align-center wp-block-paragraph\">As EuropaNova is recognized as a non-profit organization serving the general interest, donations are tax-deductible in certain European Union countries.<\/p>\n<\/div>\n\n\n\n<div class=\"wp-block-columns alignwide is-layout-flex wp-container-core-columns-is-layout-f56f613f wp-block-columns-is-layout-flex\">\n<div class=\"wp-block-column is-layout-flow wp-block-column-is-layout-flow\">\n<div class=\"wp-block-group has-base-background-color has-background wp-container-content-9cfa9a5a has-global-padding is-layout-constrained wp-container-core-group-is-layout-46a7428b wp-block-group-is-layout-constrained\" style=\"border-radius:8px;padding-top:1.5rem;padding-right:1.5rem;padding-bottom:1.5rem;padding-left:1.5rem\">\n<div class=\"wp-block-group is-vertical is-layout-flex wp-container-core-group-is-layout-c960d635 wp-block-group-is-layout-flex\">\n<h3 class=\"wp-block-heading has-medium-font-size\">Support EuropaNova<\/h3>\n<\/div>\n\n\n\n<p class=\"wp-block-paragraph\">Your support means we can continue to serve the general European interest.<\/p>\n\n\n\n<div class=\"wp-block-group is-vertical is-content-justification-stretch is-layout-flex wp-container-core-group-is-layout-a987baf2 wp-block-group-is-layout-flex\">\n<div class=\"wp-block-group has-primary-color has-text-color has-link-color wp-elements-9254d1e58ad1666b884e07f309ee093c is-nowrap is-layout-flex wp-container-core-group-is-layout-06034cbd wp-block-group-is-layout-flex\">\n<p class=\"has-plus-jakarta-sans-font-family wp-block-paragraph\" style=\"font-size:clamp(1.453rem, 1.453rem + ((1vw - 0.2rem) * 1.994), 2.4rem);font-style:normal;font-weight:600;letter-spacing:-0.02rem\">\u20ac5+<\/p>\n\n\n\n<p class=\"has-plus-jakarta-sans-font-family has-small-font-size wp-block-paragraph\" style=\"font-style:normal;font-weight:600;letter-spacing:-0.02rem\">per donation <\/p>\n<\/div>\n\n\n\n<div class=\"wp-block-buttons is-content-justification-space-between is-nowrap is-layout-flex wp-container-core-buttons-is-layout-9f4cbdcb wp-block-buttons-is-layout-flex\">\n<div class=\"wp-block-button has-custom-width wp-block-button__width-100\"><a class=\"wp-block-button__link wp-element-button\" href=\"https:\/\/www.helloasso.com\/associations\/fonds-de-dotation-europanova\/adhesions\/club-europanova\">link to our Hello Asso fund<\/a><\/div>\n<\/div>\n<\/div>\n<\/div>\n<\/div>\n\n\n\n<div class=\"wp-block-column is-layout-flow wp-block-column-is-layout-flow\">\n<div class=\"wp-block-group has-base-background-color has-background wp-container-content-9cfa9a5a has-global-padding is-layout-constrained wp-container-core-group-is-layout-46a7428b wp-block-group-is-layout-constrained\" style=\"border-radius:8px;padding-top:1.5rem;padding-right:1.5rem;padding-bottom:1.5rem;padding-left:1.5rem\">\n<div class=\"wp-block-group is-vertical is-layout-flex wp-container-core-group-is-layout-c960d635 wp-block-group-is-layout-flex\">\n<h3 class=\"wp-block-heading has-medium-font-size\">Join the Club EuropaNova<\/h3>\n<\/div>\n\n\n\n<p class=\"wp-block-paragraph\">and take part in in-person meetings with influential European personalities.<\/p>\n\n\n\n<div class=\"wp-block-group is-vertical is-content-justification-stretch is-layout-flex wp-container-core-group-is-layout-a987baf2 wp-block-group-is-layout-flex\">\n<div class=\"wp-block-group has-primary-color has-text-color has-link-color wp-elements-3e4378e8ff76ba42df8663eccc552a4a is-nowrap is-layout-flex wp-container-core-group-is-layout-06034cbd wp-block-group-is-layout-flex\">\n<p class=\"has-plus-jakarta-sans-font-family wp-block-paragraph\" style=\"font-size:clamp(1.453rem, 1.453rem + ((1vw - 0.2rem) * 1.994), 2.4rem);font-style:normal;font-weight:600;letter-spacing:-0.02rem\">\u20ac200<\/p>\n\n\n\n<p class=\"has-plus-jakarta-sans-font-family has-small-font-size wp-block-paragraph\" style=\"font-style:normal;font-weight:600;letter-spacing:-0.02rem\">annual membership<\/p>\n<\/div>\n\n\n\n<div class=\"wp-block-buttons is-content-justification-space-between is-nowrap is-layout-flex wp-container-core-buttons-is-layout-9f4cbdcb wp-block-buttons-is-layout-flex\">\n<div class=\"wp-block-button has-custom-width wp-block-button__width-100\"><a class=\"wp-block-button__link wp-element-button\" href=\"https:\/\/www.helloasso.com\/associations\/fonds-de-dotation-europanova\/adhesions\/club-europanova\">link to our Hello Asso fund<\/a><\/div>\n<\/div>\n<\/div>\n<\/div>\n<\/div>\n\n\n\n<div class=\"wp-block-column is-layout-flow wp-block-column-is-layout-flow\">\n<div class=\"wp-block-group has-base-background-color has-background wp-container-content-9cfa9a5a has-global-padding is-layout-constrained wp-container-core-group-is-layout-46a7428b wp-block-group-is-layout-constrained\" style=\"border-radius:8px;padding-top:1.5rem;padding-right:1.5rem;padding-bottom:1.5rem;padding-left:1.5rem\">\n<div class=\"wp-block-group is-vertical is-layout-flex wp-container-core-group-is-layout-c960d635 wp-block-group-is-layout-flex\">\n<h3 class=\"wp-block-heading has-medium-font-size\">Become a partner<\/h3>\n<\/div>\n\n\n\n<p class=\"wp-block-paragraph\">of one or more of our events and thus help strengthen Europe and shape its future.<\/p>\n\n\n\n<div class=\"wp-block-group is-vertical is-content-justification-stretch is-layout-flex wp-container-core-group-is-layout-a987baf2 wp-block-group-is-layout-flex\">\n<div class=\"wp-block-group has-primary-color has-text-color has-link-color wp-elements-5a81ef7a565761f59438efee207d93d0 is-nowrap is-layout-flex wp-container-core-group-is-layout-06034cbd wp-block-group-is-layout-flex\">\n<p class=\"has-plus-jakarta-sans-font-family wp-block-paragraph\" style=\"font-size:clamp(1.453rem, 1.453rem + ((1vw - 0.2rem) * 1.994), 2.4rem);font-style:normal;font-weight:600;letter-spacing:-0.02rem\">\u20ac5 000+ <\/p>\n\n\n\n<p class=\"has-plus-jakarta-sans-font-family has-small-font-size wp-block-paragraph\" style=\"font-style:normal;font-weight:600;letter-spacing:-0.02rem\">partnership<\/p>\n<\/div>\n\n\n\n<div class=\"wp-block-buttons is-content-justification-space-between is-nowrap is-layout-flex wp-container-core-buttons-is-layout-5c661f31 wp-block-buttons-is-layout-flex\">\n<div class=\"wp-block-button has-custom-width wp-block-button__width-100\"><a class=\"wp-block-button__link wp-element-button\" href=\"mailto:contact@europanova.eu\">Contact us!<\/a><\/div>\n<\/div>\n<\/div>\n<\/div>\n<\/div>\n<\/div>","protected":false},"excerpt":{"rendered":"<p>EuropaNova \u00e9tant reconnu d&rsquo;int\u00e9r\u00eat g\u00e9n\u00e9ral, les dons donnent droit \u00e0 un d\u00e9duction fiscale \u00e0 hauteur de 66%. Soutenez EuropaNova Votre soutien nous permets de continuer \u00e0 servir l&rsquo;int\u00e9r\u00eat g\u00e9n\u00e9ral europ\u00e9en \u20ac5+ par don Rejoignez le Club EuropaNova et participez \u00e0 des rencontres avec des personnalit\u00e9s europ\u00e9ennes influentes \u20ac200 adh\u00e9sion annuelle Devenez partenaire d&rsquo;un ou plusieurs [&hellip;]<\/p>\n","protected":false},"author":234807144,"featured_media":0,"parent":2823,"menu_order":13,"comment_status":"closed","ping_status":"closed","template":"soutenez-nous","meta":{"_crdt_document":"","advanced_seo_description":"","jetpack_seo_html_title":"","jetpack_seo_noindex":false,"footnotes":""},"class_list":["post-2838","page","type-page","status-publish","hentry"],"jetpack_likes_enabled":true,"jetpack_sharing_enabled":true,"jetpack_shortlink":"https:\/\/wp.me\/PeMWIh-JM","_links":{"self":[{"href":"https:\/\/europanova.eu\/en\/wp-json\/wp\/v2\/pages\/2838","targetHints":{"allow":["GET"]}}],"collection":[{"href":"https:\/\/europanova.eu\/en\/wp-json\/wp\/v2\/pages"}],"about":[{"href":"https:\/\/europanova.eu\/en\/wp-json\/wp\/v2\/types\/page"}],"author":[{"embeddable":true,"href":"https:\/\/europanova.eu\/en\/wp-json\/wp\/v2\/users\/234807144"}],"replies":[{"embeddable":true,"href":"https:\/\/europanova.eu\/en\/wp-json\/wp\/v2\/comments?post=2838"}],"version-history":[{"count":3,"href":"https:\/\/europanova.eu\/en\/wp-json\/wp\/v2\/pages\/2838\/revisions"}],"predecessor-version":[{"id":2843,"href":"https:\/\/europanova.eu\/en\/wp-json\/wp\/v2\/pages\/2838\/revisions\/2843"}],"up":[{"embeddable":true,"href":"https:\/\/europanova.eu\/en\/wp-json\/wp\/v2\/pages\/2823"}],"wp:attachment":[{"href":"https:\/\/europanova.eu\/en\/wp-json\/wp\/v2\/media?parent=2838"}],"curies":[{"name":"wp","href":"https:\/\/api.w.org\/{rel}","templated":true}]}}