{"id":2823,"date":"2024-01-25T18:11:11","date_gmt":"2024-01-25T17:11:11","guid":{"rendered":"https:\/\/europanova.eu\/?page_id=2823"},"modified":"2024-01-25T18:13:02","modified_gmt":"2024-01-25T17:13:02","slug":"rejoignez-nous","status":"publish","type":"page","link":"https:\/\/europanova.eu\/en\/rejoignez-nous\/","title":{"rendered":"Join us!"},"content":{"rendered":"<div class=\"wp-block-group alignwide has-global-padding is-layout-constrained wp-container-core-group-is-layout-eb4a296d wp-block-group-is-layout-constrained\">\n<p class=\"has-large-font-size wp-block-paragraph\">Passionate about the future of Europe? Join EuropaNova and help shape an innovative, united continent. Together, let's realize Europe's potential.<\/p>\n<\/div>\n\n\n\n<div class=\"wp-block-group alignfull has-global-padding is-layout-constrained wp-container-core-group-is-layout-b53cdde8 wp-block-group-is-layout-constrained\" style=\"margin-top:var(--wp--preset--spacing--70);margin-bottom:var(--wp--preset--spacing--70);padding-right:var(--wp--preset--spacing--50);padding-left:var(--wp--preset--spacing--50)\">\n<div class=\"wp-block-columns alignwide is-layout-flex wp-container-core-columns-is-layout-92c2be5f wp-block-columns-is-layout-flex\">\n<div class=\"wp-block-column is-layout-flow wp-block-column-is-layout-flow\" style=\"border-bottom-color:#4747471a;border-bottom-width:1px;padding-bottom:var(--wp--preset--spacing--50)\">\n<div class=\"wp-block-group is-layout-flow wp-container-core-group-is-layout-ba837640 wp-block-group-is-layout-flow\" style=\"padding-top:10px;padding-bottom:10px\">\n<h3 class=\"wp-block-heading has-ast-global-color-2-color has-text-color\"><a href=\"https:\/\/europanova.eu\/en\/rejoignez-nous\/soutenez-nous\/\">Support us!<\/a><\/h3>\n\n\n\n<p class=\"has-ast-global-color-3-color has-text-color wp-block-paragraph\">Your support is vital to EuropaNova. Contribute to our European development mission and help us make a lasting difference. Every contribution counts.<\/p>\n<\/div>\n<\/div>\n\n\n\n<div class=\"wp-block-column is-layout-flow wp-block-column-is-layout-flow\" style=\"border-bottom-color:#4747471a;border-bottom-width:1px;padding-bottom:var(--wp--preset--spacing--50)\">\n<div class=\"wp-block-group is-layout-flow wp-container-core-group-is-layout-ba837640 wp-block-group-is-layout-flow\" style=\"padding-top:10px;padding-bottom:10px\">\n<h3 class=\"wp-block-heading has-ast-global-color-2-color has-text-color\"><a href=\"https:\/\/europanova.eu\/en\/rejoignez-nous\/travaillez-avec-nous\/\">Work with us!<\/a><\/h3>\n\n\n\n<p class=\"has-ast-global-color-3-color has-text-color wp-block-paragraph\">Join the EuropaNova team. Take part in exciting projects and contribute your expertise to building a strong and dynamic Europe. Let's shape the future together.<\/p>\n<\/div>\n<\/div>\n<\/div>\n\n\n\n<div class=\"wp-block-columns alignwide is-layout-flex wp-container-core-columns-is-layout-92c2be5f wp-block-columns-is-layout-flex\">\n<div class=\"wp-block-column is-layout-flow wp-block-column-is-layout-flow\" style=\"border-bottom-color:#4747471a;border-bottom-width:1px;padding-bottom:var(--wp--preset--spacing--50)\">\n<div class=\"wp-block-group is-layout-flow wp-container-core-group-is-layout-518d8e17 wp-block-group-is-layout-flow\" style=\"padding-top:10px;padding-right:0px;padding-bottom:10px;padding-left:0px\">\n<h3 class=\"wp-block-heading has-ast-global-color-2-color has-text-color\"><a href=\"https:\/\/europanova.eu\/en\/rejoignez-nous\/adherez-a-europanova\/\">Become a member of EuropaNova<\/a><\/h3>\n\n\n\n<p class=\"has-ast-global-color-3-color has-text-color wp-block-paragraph\">Join our community by becoming a member of EuropaNova. Keep up to date with our news, take part in our events and get actively involved in the future of Europe.<\/p>\n<\/div>\n<\/div>\n\n\n\n<div class=\"wp-block-column is-layout-flow wp-block-column-is-layout-flow\" style=\"border-bottom-color:#4747471a;border-bottom-width:1px;padding-bottom:var(--wp--preset--spacing--50)\">\n<div class=\"wp-block-group is-layout-flow wp-container-core-group-is-layout-ba837640 wp-block-group-is-layout-flow\" style=\"padding-top:10px;padding-bottom:10px\">\n<h3 class=\"wp-block-heading has-ast-global-color-2-color has-text-color\">Become a partner<\/h3>\n\n\n\n<div class=\"wp-block-buttons is-layout-flex wp-block-buttons-is-layout-flex\">\n<div class=\"wp-block-button has-custom-width wp-block-button__width-100\"><a class=\"wp-block-button__link has-base-color has-text-color has-background has-link-color wp-element-button\" style=\"background-color:#000f9f\">Contact us<\/a><\/div>\n<\/div>\n\n\n\n<p class=\"has-ast-global-color-3-color has-text-color wp-block-paragraph\"><\/p>\n<\/div>\n<\/div>\n<\/div>\n<\/div>","protected":false},"excerpt":{"rendered":"<p>Passionn\u00e9s par l&rsquo;avenir de l&rsquo;Europe ? Rejoignez EuropaNova et contribuez \u00e0 fa\u00e7onner un continent innovant et uni. Ensemble, r\u00e9alisons le potentiel europ\u00e9en. Soutenez-nous ! Votre soutien est vital pour EuropaNova. Contribuez \u00e0 notre mission de d\u00e9veloppement europ\u00e9en et aidez-nous \u00e0 faire une diff\u00e9rence durable. Chaque contribution compte. Travaillez avec nous ! Venez faire partie de [&hellip;]<\/p>\n","protected":false},"author":234807144,"featured_media":0,"parent":0,"menu_order":9,"comment_status":"closed","ping_status":"closed","template":"","meta":{"_crdt_document":"","advanced_seo_description":"","jetpack_seo_html_title":"","jetpack_seo_noindex":false,"footnotes":""},"class_list":["post-2823","page","type-page","status-publish","hentry"],"jetpack_likes_enabled":true,"jetpack_sharing_enabled":true,"jetpack_shortlink":"https:\/\/wp.me\/PeMWIh-Jx","_links":{"self":[{"href":"https:\/\/europanova.eu\/en\/wp-json\/wp\/v2\/pages\/2823","targetHints":{"allow":["GET"]}}],"collection":[{"href":"https:\/\/europanova.eu\/en\/wp-json\/wp\/v2\/pages"}],"about":[{"href":"https:\/\/europanova.eu\/en\/wp-json\/wp\/v2\/types\/page"}],"author":[{"embeddable":true,"href":"https:\/\/europanova.eu\/en\/wp-json\/wp\/v2\/users\/234807144"}],"replies":[{"embeddable":true,"href":"https:\/\/europanova.eu\/en\/wp-json\/wp\/v2\/comments?post=2823"}],"version-history":[{"count":6,"href":"https:\/\/europanova.eu\/en\/wp-json\/wp\/v2\/pages\/2823\/revisions"}],"predecessor-version":[{"id":2847,"href":"https:\/\/europanova.eu\/en\/wp-json\/wp\/v2\/pages\/2823\/revisions\/2847"}],"wp:attachment":[{"href":"https:\/\/europanova.eu\/en\/wp-json\/wp\/v2\/media?parent=2823"}],"curies":[{"name":"wp","href":"https:\/\/api.w.org\/{rel}","templated":true}]}}