{"id":2805,"date":"2024-01-25T17:40:48","date_gmt":"2024-01-25T16:40:48","guid":{"rendered":"https:\/\/europanova.eu\/?page_id=2805"},"modified":"2024-01-25T17:41:56","modified_gmt":"2024-01-25T16:41:56","slug":"le-club-europanova","status":"publish","type":"page","link":"https:\/\/europanova.eu\/en\/le-club-europanova\/","title":{"rendered":"Club EuropaNova"},"content":{"rendered":"<div class=\"wp-block-group alignfull has-global-padding is-layout-constrained wp-block-group-is-layout-constrained\">\n<div class=\"wp-block-columns alignwide is-layout-flex wp-container-core-columns-is-layout-6dee245e wp-block-columns-is-layout-flex\" style=\"margin-bottom:var(--wp--preset--spacing--70)\">\n<div class=\"wp-block-column is-vertically-aligned-center is-layout-flow wp-block-column-is-layout-flow\" style=\"padding-right:var(--wp--preset--spacing--60);padding-left:0\">\n<h2 class=\"wp-block-heading\">The Club<\/h2>\n\n\n\n<p class=\"has-large-font-size wp-block-paragraph\">Europanova Clubs are regular events organized by Europanova on its premises. These meetings bring together members, partners and members of the organization to meet a leader or an important figure in a specific field related to Europe.<\/p>\n<\/div>\n\n\n\n<div class=\"wp-block-column is-layout-flow wp-block-column-is-layout-flow\" style=\"flex-basis:50%\">\n<figure class=\"wp-block-image size-full\"><img data-recalc-dims=\"1\" loading=\"lazy\" decoding=\"async\" width=\"3000\" height=\"4000\" data-attachment-id=\"1079\" data-permalink=\"https:\/\/europanova.eu\/en\/2023\/06\/29\/club-europanova-n3-leuroscepticisme-et-les-jeunes\/img_20230627_200006-1\/\" data-orig-file=\"https:\/\/i0.wp.com\/europanova.eu\/wp-content\/uploads\/2023\/06\/img_20230627_200006-1.jpg?fit=3000%2C4000&amp;ssl=1\" data-orig-size=\"3000,4000\" data-comments-opened=\"1\" data-image-meta=\"{&quot;aperture&quot;:&quot;1.8&quot;,&quot;credit&quot;:&quot;&quot;,&quot;camera&quot;:&quot;JSN-L21&quot;,&quot;caption&quot;:&quot;&quot;,&quot;created_timestamp&quot;:&quot;1687896007&quot;,&quot;copyright&quot;:&quot;&quot;,&quot;focal_length&quot;:&quot;5.4&quot;,&quot;iso&quot;:&quot;200&quot;,&quot;shutter_speed&quot;:&quot;0.03&quot;,&quot;title&quot;:&quot;&quot;,&quot;orientation&quot;:&quot;0&quot;}\" data-image-title=\"img_20230627_200006-1\" data-image-description=\"\" data-image-caption=\"\" data-large-file=\"https:\/\/i0.wp.com\/europanova.eu\/wp-content\/uploads\/2023\/06\/img_20230627_200006-1.jpg?fit=768%2C1024&amp;ssl=1\" src=\"https:\/\/i0.wp.com\/europanova.eu\/wp-content\/uploads\/2023\/06\/img_20230627_200006-1.jpg?resize=3000%2C4000&#038;ssl=1\" alt=\"\" class=\"wp-image-1079\" style=\"aspect-ratio:1;object-fit:cover\"\/><\/figure>\n<\/div>\n<\/div>\n<\/div>\n\n\n\n<div class=\"wp-block-group has-global-padding is-layout-constrained wp-container-core-group-is-layout-7d4722f6 wp-block-group-is-layout-constrained\" style=\"margin-top:var(--wp--preset--spacing--60);margin-bottom:var(--wp--preset--spacing--60)\">\n<p class=\"has-x-large-font-size wp-block-paragraph\" style=\"font-style:normal;font-weight:600;line-height:1.3\">Come talk with European leaders!<\/p>\n<\/div>\n\n\n\n<div class=\"wp-block-group alignfull has-global-padding is-layout-constrained wp-block-group-is-layout-constrained\">\n<div class=\"wp-block-columns alignwide is-layout-flex wp-container-core-columns-is-layout-6dee245e wp-block-columns-is-layout-flex\" style=\"margin-bottom:var(--wp--preset--spacing--70)\">\n<div class=\"wp-block-column is-layout-flow wp-block-column-is-layout-flow\" style=\"flex-basis:50%\">\n<figure class=\"wp-block-image size-full\"><img data-recalc-dims=\"1\" loading=\"lazy\" decoding=\"async\" width=\"3024\" height=\"1757\" data-attachment-id=\"885\" data-permalink=\"https:\/\/europanova.eu\/en\/2023\/05\/30\/club-europanova-n2-avec-le-secretaire-general-aux-affaires-europeennes-emmanuel-puisais-jauvin\/img_5065\/\" data-orig-file=\"https:\/\/i0.wp.com\/europanova.eu\/wp-content\/uploads\/2023\/05\/img_5065-3546584689-e1685448732677.jpg?fit=3024%2C1757&amp;ssl=1\" data-orig-size=\"3024,1757\" data-comments-opened=\"1\" data-image-meta=\"{&quot;aperture&quot;:&quot;0&quot;,&quot;credit&quot;:&quot;&quot;,&quot;camera&quot;:&quot;&quot;,&quot;caption&quot;:&quot;&quot;,&quot;created_timestamp&quot;:&quot;0&quot;,&quot;copyright&quot;:&quot;&quot;,&quot;focal_length&quot;:&quot;0&quot;,&quot;iso&quot;:&quot;0&quot;,&quot;shutter_speed&quot;:&quot;0&quot;,&quot;title&quot;:&quot;&quot;,&quot;orientation&quot;:&quot;0&quot;}\" data-image-title=\"img_5065\" data-image-description=\"\" data-image-caption=\"\" data-large-file=\"https:\/\/i0.wp.com\/europanova.eu\/wp-content\/uploads\/2023\/05\/img_5065-3546584689-e1685448732677.jpg?fit=1024%2C595&amp;ssl=1\" src=\"https:\/\/i0.wp.com\/europanova.eu\/wp-content\/uploads\/2023\/05\/img_5065-3546584689-e1685448732677.jpg?resize=3024%2C1757&#038;ssl=1\" alt=\"\" class=\"wp-image-885\" style=\"aspect-ratio:1;object-fit:cover\"\/><\/figure>\n<\/div>\n\n\n\n<div class=\"wp-block-column is-vertically-aligned-center is-layout-flow wp-block-column-is-layout-flow\" style=\"padding-right:0;padding-left:var(--wp--preset--spacing--60)\">\n<h2 class=\"wp-block-heading\">You<\/h2>\n\n\n\n<p class=\"has-large-font-size wp-block-paragraph\">These events provide an opportunity for exchange and discussion on a range of European topics, enabling the sharing of ideas and perspectives on current and future European issues. The clubs serve as a platform for dialogue and networking on European issues.<\/p>\n<\/div>\n<\/div>\n<\/div>\n\n\n\n<h2 class=\"wp-block-heading has-text-align-center\">Former Clubs<\/h2>\n\n\n\n<div class=\"wp-block-group alignfull is-layout-flow wp-block-group-is-layout-flow\" style=\"padding-top:var(--wp--preset--spacing--50);padding-right:10%;padding-bottom:var(--wp--preset--spacing--50);padding-left:10%\">\n<div data-wp-context=\"{}\" data-wp-interactive=\"core\/query\" data-wp-key=\"4\" data-wp-router-region=\"query-4\" class=\"wp-block-query is-layout-flow wp-block-query-is-layout-flow\"><ul class=\"wp-block-post-template is-layout-flow wp-block-post-template-is-layout-flow\"><li data-wp-key=\"post-template-item-4075\" class=\"wp-block-post post-4075 post type-post status-publish format-standard hentry category-club-europanova category-notre-actualite\">\n\n<div class=\"wp-block-columns is-layout-flex wp-container-core-columns-is-layout-6afb4a12 wp-block-columns-is-layout-flex\" style=\"padding-bottom:var(--wp--preset--spacing--50)\">\n<div class=\"wp-block-column is-vertically-aligned-center is-layout-flow wp-block-column-is-layout-flow\" style=\"flex-basis:10%\"><div style=\"letter-spacing:0px; margin-top:2px;\" class=\"wp-block-post-date has-small-font-size\"><time datetime=\"2024-06-19T15:44:05+02:00\">19 June 2024<\/time><\/div><\/div>\n\n\n\n<div class=\"wp-block-column is-vertically-aligned-center is-layout-flow wp-block-column-is-layout-flow\" style=\"flex-basis:90%\"><h2 style=\"line-height:1.1;text-transform:uppercase; margin-right:0px;margin-bottom:0px;margin-left:0px;margin-top:0px;\" class=\"has-link-color wp-elements-e8699a892f915275ae0885867b7a1cf1 wp-block-post-title has-xx-large-font-size\"><a href=\"https:\/\/europanova.eu\/en\/2024\/06\/19\/discover-the-work-of-the-europanova-symposium-organized-at-the-institut-polytechnique-de-paris-in-collaboration-with-jedi\/\" target=\"_self\" >Discover the work of the EuropaNova symposium organized at the Institut Polytechnique de Paris in collaboration with JEDI!<\/a><\/h2><\/div>\n<\/div>\n\n<\/li><li data-wp-key=\"post-template-item-1144\" class=\"wp-block-post post-1144 post type-post status-publish format-standard hentry category-nos-evenements category-comite-scientifique-deuropanova category-club-europanova category-publications-du-comite-scientifique-deuropanova\">\n\n<div class=\"wp-block-columns is-layout-flex wp-container-core-columns-is-layout-6afb4a12 wp-block-columns-is-layout-flex\" style=\"padding-bottom:var(--wp--preset--spacing--50)\">\n<div class=\"wp-block-column is-vertically-aligned-center is-layout-flow wp-block-column-is-layout-flow\" style=\"flex-basis:10%\"><div style=\"letter-spacing:0px; margin-top:2px;\" class=\"wp-block-post-date has-small-font-size\"><time datetime=\"2023-07-05T10:31:45+02:00\">5 July 2023<\/time><\/div><\/div>\n\n\n\n<div class=\"wp-block-column is-vertically-aligned-center is-layout-flow wp-block-column-is-layout-flow\" style=\"flex-basis:90%\"><h2 style=\"line-height:1.1;text-transform:uppercase; margin-right:0px;margin-bottom:0px;margin-left:0px;margin-top:0px;\" class=\"has-link-color wp-elements-e8699a892f915275ae0885867b7a1cf1 wp-block-post-title has-xx-large-font-size\"><a href=\"https:\/\/europanova.eu\/en\/2023\/07\/05\/how-to-fight-against-euroscepticism-among-young-people-report-of-the-meeting-held-on-tuesday-27-june-2023\/\" target=\"_self\" >\u00ab\u00a0How to fight against Euroscepticism among young people\u00a0\u00bb &#8211; Report of the meeting held on Tuesday 27 June 2023<\/a><\/h2><\/div>\n<\/div>\n\n<\/li><li data-wp-key=\"post-template-item-1139\" class=\"wp-block-post post-1139 post type-post status-publish format-standard hentry category-nos-evenements category-comite-scientifique-deuropanova category-club-europanova category-publications-du-comite-scientifique-deuropanova\">\n\n<div class=\"wp-block-columns is-layout-flex wp-container-core-columns-is-layout-6afb4a12 wp-block-columns-is-layout-flex\" style=\"padding-bottom:var(--wp--preset--spacing--50)\">\n<div class=\"wp-block-column is-vertically-aligned-center is-layout-flow wp-block-column-is-layout-flow\" style=\"flex-basis:10%\"><div style=\"letter-spacing:0px; margin-top:2px;\" class=\"wp-block-post-date has-small-font-size\"><time datetime=\"2023-07-05T10:24:08+02:00\">5 July 2023<\/time><\/div><\/div>\n\n\n\n<div class=\"wp-block-column is-vertically-aligned-center is-layout-flow wp-block-column-is-layout-flow\" style=\"flex-basis:90%\"><h2 style=\"line-height:1.1;text-transform:uppercase; margin-right:0px;margin-bottom:0px;margin-left:0px;margin-top:0px;\" class=\"has-link-color wp-elements-e8699a892f915275ae0885867b7a1cf1 wp-block-post-title has-xx-large-font-size\"><a href=\"https:\/\/europanova.eu\/en\/2023\/07\/05\/comment-lutter-contre-leuroscepticisme-chez-les-jeunes-rapport-de-la-reunion-du-mardi-27-juin-2023\/\" target=\"_self\" >\u00ab Comment lutter contre l\u2019Euroscepticisme chez les Jeunes \u00bb &#8211; Rapport de la r\u00e9union du mardi 27 juin 2023<\/a><\/h2><\/div>\n<\/div>\n\n<\/li><li data-wp-key=\"post-template-item-1068\" class=\"wp-block-post post-1068 post type-post status-publish format-standard has-post-thumbnail hentry category-nos-evenements category-club-europanova\">\n\n<div class=\"wp-block-columns is-layout-flex wp-container-core-columns-is-layout-6afb4a12 wp-block-columns-is-layout-flex\" style=\"padding-bottom:var(--wp--preset--spacing--50)\">\n<div class=\"wp-block-column is-vertically-aligned-center is-layout-flow wp-block-column-is-layout-flow\" style=\"flex-basis:10%\"><div style=\"letter-spacing:0px; margin-top:2px;\" class=\"wp-block-post-date has-small-font-size\"><time datetime=\"2023-06-29T10:58:34+02:00\">29 June 2023<\/time><\/div><\/div>\n\n\n\n<div class=\"wp-block-column is-vertically-aligned-center is-layout-flow wp-block-column-is-layout-flow\" style=\"flex-basis:90%\"><h2 style=\"line-height:1.1;text-transform:uppercase; margin-right:0px;margin-bottom:0px;margin-left:0px;margin-top:0px;\" class=\"has-link-color wp-elements-e8699a892f915275ae0885867b7a1cf1 wp-block-post-title has-xx-large-font-size\"><a href=\"https:\/\/europanova.eu\/en\/2023\/06\/29\/club-europanova-n3-leuroscepticisme-et-les-jeunes\/\" target=\"_self\" >Club EuropaNova n\u00b03 - How to fight euroscepticism among young people?<\/a><\/h2><\/div>\n<\/div>\n\n<\/li><li data-wp-key=\"post-template-item-966\" class=\"wp-block-post post-966 post type-post status-publish format-standard has-post-thumbnail hentry category-nos-evenements category-club-europanova\">\n\n<div class=\"wp-block-columns is-layout-flex wp-container-core-columns-is-layout-6afb4a12 wp-block-columns-is-layout-flex\" style=\"padding-bottom:var(--wp--preset--spacing--50)\">\n<div class=\"wp-block-column is-vertically-aligned-center is-layout-flow wp-block-column-is-layout-flow\" style=\"flex-basis:10%\"><div style=\"letter-spacing:0px; margin-top:2px;\" class=\"wp-block-post-date has-small-font-size\"><time datetime=\"2023-05-31T10:45:29+02:00\">31 May 2023<\/time><\/div><\/div>\n\n\n\n<div class=\"wp-block-column is-vertically-aligned-center is-layout-flow wp-block-column-is-layout-flow\" style=\"flex-basis:90%\"><h2 style=\"line-height:1.1;text-transform:uppercase; margin-right:0px;margin-bottom:0px;margin-left:0px;margin-top:0px;\" class=\"has-link-color wp-elements-e8699a892f915275ae0885867b7a1cf1 wp-block-post-title has-xx-large-font-size\"><a href=\"https:\/\/europanova.eu\/en\/2023\/05\/31\/invitation-au-club-europanova-n3\/\" target=\"_self\" >Invitation to Club Europanova n\u00b03<\/a><\/h2><\/div>\n<\/div>\n\n<\/li><li data-wp-key=\"post-template-item-880\" class=\"wp-block-post post-880 post type-post status-publish format-standard has-post-thumbnail hentry category-nos-evenements category-club-europanova category-notre-actualite\">\n\n<div class=\"wp-block-columns is-layout-flex wp-container-core-columns-is-layout-6afb4a12 wp-block-columns-is-layout-flex\" style=\"padding-bottom:var(--wp--preset--spacing--50)\">\n<div class=\"wp-block-column is-vertically-aligned-center is-layout-flow wp-block-column-is-layout-flow\" style=\"flex-basis:10%\"><div style=\"letter-spacing:0px; margin-top:2px;\" class=\"wp-block-post-date has-small-font-size\"><time datetime=\"2023-05-30T15:49:12+02:00\">30 May 2023<\/time><\/div><\/div>\n\n\n\n<div class=\"wp-block-column is-vertically-aligned-center is-layout-flow wp-block-column-is-layout-flow\" style=\"flex-basis:90%\"><h2 style=\"line-height:1.1;text-transform:uppercase; margin-right:0px;margin-bottom:0px;margin-left:0px;margin-top:0px;\" class=\"has-link-color wp-elements-e8699a892f915275ae0885867b7a1cf1 wp-block-post-title has-xx-large-font-size\"><a href=\"https:\/\/europanova.eu\/en\/2023\/05\/30\/club-europanova-n2-avec-le-secretaire-general-aux-affaires-europeennes-emmanuel-puisais-jauvin\/\" target=\"_self\" >Club EuropaNova n\u00b02 with Secretary General for European Affairs Emmanuel Puisais-Jauvin<\/a><\/h2><\/div>\n<\/div>\n\n<\/li><\/ul>\n\n<nav class=\"wp-block-query-pagination is-content-justification-space-between is-layout-flex wp-container-core-query-pagination-is-layout-e2853e1a wp-block-query-pagination-is-layout-flex\" aria-label=\"Pagination\">\n\n\n<a data-wp-key=\"query-pagination-next\" data-wp-on--click=\"core\/query::actions.navigate\" data-wp-on--mouseenter=\"core\/query::actions.prefetch\" data-wp-watch=\"core\/query::callbacks.prefetch\" href=\"\/en\/wp-json\/wp\/v2\/pages\/2805?query-4-page=2\" class=\"wp-block-query-pagination-next\">Next Page<span class='wp-block-query-pagination-next-arrow is-arrow-chevron' aria-hidden='true'>\"<\/span><\/a>\n<\/nav><\/div>\n<\/div>","protected":false},"excerpt":{"rendered":"<p>Le Club Les Clubs Europanova sont des \u00e9v\u00e9nements organis\u00e9s r\u00e9guli\u00e8rement par Europanova dans ses locaux. Ces rencontres rassemblent des adh\u00e9rents, partenaires et membres de l&rsquo;organisation pour rencontrer un leader ou une figure importante dans un domaine sp\u00e9cifique li\u00e9 \u00e0 l&rsquo;Europe. Venez discuter avec des leaders europ\u00e9ens ! Vous Ces \u00e9v\u00e9nements offrent une opportunit\u00e9 d&rsquo;\u00e9change et [&hellip;]<\/p>\n","protected":false},"author":234807144,"featured_media":0,"parent":0,"menu_order":6,"comment_status":"closed","ping_status":"closed","template":"","meta":{"_crdt_document":"","advanced_seo_description":"","jetpack_seo_html_title":"","jetpack_seo_noindex":false,"footnotes":""},"class_list":["post-2805","page","type-page","status-publish","hentry"],"jetpack_likes_enabled":true,"jetpack_sharing_enabled":true,"jetpack_shortlink":"https:\/\/wp.me\/PeMWIh-Jf","_links":{"self":[{"href":"https:\/\/europanova.eu\/en\/wp-json\/wp\/v2\/pages\/2805","targetHints":{"allow":["GET"]}}],"collection":[{"href":"https:\/\/europanova.eu\/en\/wp-json\/wp\/v2\/pages"}],"about":[{"href":"https:\/\/europanova.eu\/en\/wp-json\/wp\/v2\/types\/page"}],"author":[{"embeddable":true,"href":"https:\/\/europanova.eu\/en\/wp-json\/wp\/v2\/users\/234807144"}],"replies":[{"embeddable":true,"href":"https:\/\/europanova.eu\/en\/wp-json\/wp\/v2\/comments?post=2805"}],"version-history":[{"count":6,"href":"https:\/\/europanova.eu\/en\/wp-json\/wp\/v2\/pages\/2805\/revisions"}],"predecessor-version":[{"id":2811,"href":"https:\/\/europanova.eu\/en\/wp-json\/wp\/v2\/pages\/2805\/revisions\/2811"}],"wp:attachment":[{"href":"https:\/\/europanova.eu\/en\/wp-json\/wp\/v2\/media?parent=2805"}],"curies":[{"name":"wp","href":"https:\/\/api.w.org\/{rel}","templated":true}]}}