{"id":2756,"date":"2024-01-25T16:41:11","date_gmt":"2024-01-25T15:41:11","guid":{"rendered":"https:\/\/europanova.eu\/?page_id=2756"},"modified":"2024-01-25T16:49:51","modified_gmt":"2024-01-25T15:49:51","slug":"communiques-de-presse","status":"publish","type":"page","link":"https:\/\/europanova.eu\/en\/presse\/communiques-de-presse\/","title":{"rendered":"Press releases"},"content":{"rendered":"<div class=\"wp-block-group alignfull is-layout-flow wp-block-group-is-layout-flow\" style=\"padding-top:var(--wp--preset--spacing--50);padding-right:10%;padding-bottom:var(--wp--preset--spacing--50);padding-left:10%\">\n<div data-wp-context=\"{}\" data-wp-interactive=\"core\/query\" data-wp-key=\"4\" data-wp-router-region=\"query-4\" class=\"wp-block-query is-layout-flow wp-block-query-is-layout-flow\"><ul class=\"wp-block-post-template is-layout-flow wp-block-post-template-is-layout-flow\"><li data-wp-key=\"post-template-item-4002\" class=\"wp-block-post post-4002 post type-post status-publish format-standard hentry category-communiques-de-presse category-presse\">\n\n<div class=\"wp-block-columns is-layout-flex wp-container-core-columns-is-layout-6afb4a12 wp-block-columns-is-layout-flex\" style=\"padding-bottom:var(--wp--preset--spacing--50)\">\n<div class=\"wp-block-column is-vertically-aligned-center is-layout-flow wp-block-column-is-layout-flow\" style=\"flex-basis:10%\"><div style=\"letter-spacing:0px; margin-top:2px;\" class=\"wp-block-post-date has-small-font-size\"><time datetime=\"2024-06-07T17:35:45+02:00\">7 June 2024<\/time><\/div><\/div>\n\n\n\n<div class=\"wp-block-column is-vertically-aligned-center is-layout-flow wp-block-column-is-layout-flow\" style=\"flex-basis:90%\"><h2 style=\"line-height:1.1;text-transform:uppercase; margin-right:0px;margin-bottom:0px;margin-left:0px;margin-top:0px;\" class=\"has-link-color wp-elements-e8699a892f915275ae0885867b7a1cf1 wp-block-post-title has-xx-large-font-size\"><a href=\"https:\/\/europanova.eu\/en\/2024\/06\/07\/communique-de-presse-07-juin-2024\/\" target=\"_self\" >Communiqu\u00e9 de presse &#8211; 07 juin 2024<\/a><\/h2><\/div>\n<\/div>\n\n<\/li><li data-wp-key=\"post-template-item-3326\" class=\"wp-block-post post-3326 post type-post status-publish format-standard hentry category-communiques-de-presse category-conclave category-conclave-2023 category-presse\">\n\n<div class=\"wp-block-columns is-layout-flex wp-container-core-columns-is-layout-6afb4a12 wp-block-columns-is-layout-flex\" style=\"padding-bottom:var(--wp--preset--spacing--50)\">\n<div class=\"wp-block-column is-vertically-aligned-center is-layout-flow wp-block-column-is-layout-flow\" style=\"flex-basis:10%\"><div style=\"letter-spacing:0px; margin-top:2px;\" class=\"wp-block-post-date has-small-font-size\"><time datetime=\"2024-03-19T11:12:53+01:00\">19 March 2024<\/time><\/div><\/div>\n\n\n\n<div class=\"wp-block-column is-vertically-aligned-center is-layout-flow wp-block-column-is-layout-flow\" style=\"flex-basis:90%\"><h2 style=\"line-height:1.1;text-transform:uppercase; margin-right:0px;margin-bottom:0px;margin-left:0px;margin-top:0px;\" class=\"has-link-color wp-elements-e8699a892f915275ae0885867b7a1cf1 wp-block-post-title has-xx-large-font-size\"><a href=\"https:\/\/europanova.eu\/en\/2024\/03\/19\/union-europeenne-17-questions-fondamentales-et-4-axes-prioritaires-pour-alimenter-le-debat-electoral-europeen-et-preparer-lagenda-strategique-2024-2029\/\" target=\"_self\" >Union Europ\u00e9enne : 17 questions fondamentales et 4 axes prioritaires pour alimenter le d\u00e9bat \u00e9lectoral europ\u00e9en et pr\u00e9parer l&rsquo;agenda strat\u00e9gique 2024-2029.<\/a><\/h2><\/div>\n<\/div>\n\n<\/li><li data-wp-key=\"post-template-item-3323\" class=\"wp-block-post post-3323 post type-post status-publish format-standard hentry category-communiques-de-presse category-conclave category-conclave-2023 category-presse\">\n\n<div class=\"wp-block-columns is-layout-flex wp-container-core-columns-is-layout-6afb4a12 wp-block-columns-is-layout-flex\" style=\"padding-bottom:var(--wp--preset--spacing--50)\">\n<div class=\"wp-block-column is-vertically-aligned-center is-layout-flow wp-block-column-is-layout-flow\" style=\"flex-basis:10%\"><div style=\"letter-spacing:0px; margin-top:2px;\" class=\"wp-block-post-date has-small-font-size\"><time datetime=\"2024-03-19T11:10:34+01:00\">19 March 2024<\/time><\/div><\/div>\n\n\n\n<div class=\"wp-block-column is-vertically-aligned-center is-layout-flow wp-block-column-is-layout-flow\" style=\"flex-basis:90%\"><h2 style=\"line-height:1.1;text-transform:uppercase; margin-right:0px;margin-bottom:0px;margin-left:0px;margin-top:0px;\" class=\"has-link-color wp-elements-e8699a892f915275ae0885867b7a1cf1 wp-block-post-title has-xx-large-font-size\"><a href=\"https:\/\/europanova.eu\/en\/2024\/03\/19\/european-union-17-fundamental-issues-and-4-priority-areas-to-fuel-the-european-electoral-debate-and-prepare-the-strategic-agenda-2024-2029\/\" target=\"_self\" >European Union: 17 fundamental issues and 4 priority areas to fuel the European electoral debate and prepare the strategic agenda 2024-2029.<\/a><\/h2><\/div>\n<\/div>\n\n<\/li><li data-wp-key=\"post-template-item-3199\" class=\"wp-block-post post-3199 post type-post status-publish format-standard has-post-thumbnail hentry category-communiques-de-presse category-europeennes-2024 category-partenariat-europanova-x-politico category-presse\">\n\n<div class=\"wp-block-columns is-layout-flex wp-container-core-columns-is-layout-6afb4a12 wp-block-columns-is-layout-flex\" style=\"padding-bottom:var(--wp--preset--spacing--50)\">\n<div class=\"wp-block-column is-vertically-aligned-center is-layout-flow wp-block-column-is-layout-flow\" style=\"flex-basis:10%\"><div style=\"letter-spacing:0px; margin-top:2px;\" class=\"wp-block-post-date has-small-font-size\"><time datetime=\"2024-03-05T11:13:39+01:00\">5 March 2024<\/time><\/div><\/div>\n\n\n\n<div class=\"wp-block-column is-vertically-aligned-center is-layout-flow wp-block-column-is-layout-flow\" style=\"flex-basis:90%\"><h2 style=\"line-height:1.1;text-transform:uppercase; margin-right:0px;margin-bottom:0px;margin-left:0px;margin-top:0px;\" class=\"has-link-color wp-elements-e8699a892f915275ae0885867b7a1cf1 wp-block-post-title has-xx-large-font-size\"><a href=\"https:\/\/europanova.eu\/en\/2024\/03\/05\/partenariat-europanova-x-politico\/\" target=\"_self\" >Press release - Partnership EuropaNova x POLITICO<\/a><\/h2><\/div>\n<\/div>\n\n<\/li><li data-wp-key=\"post-template-item-3172\" class=\"wp-block-post post-3172 post type-post status-publish format-standard hentry category-communiques-de-presse category-europeennes-2024 category-partenariat-les-engages-x-europanova-application-adeno category-presse\">\n\n<div class=\"wp-block-columns is-layout-flex wp-container-core-columns-is-layout-6afb4a12 wp-block-columns-is-layout-flex\" style=\"padding-bottom:var(--wp--preset--spacing--50)\">\n<div class=\"wp-block-column is-vertically-aligned-center is-layout-flow wp-block-column-is-layout-flow\" style=\"flex-basis:10%\"><div style=\"letter-spacing:0px; margin-top:2px;\" class=\"wp-block-post-date has-small-font-size\"><time datetime=\"2024-03-01T16:08:56+01:00\">1 March 2024<\/time><\/div><\/div>\n\n\n\n<div class=\"wp-block-column is-vertically-aligned-center is-layout-flow wp-block-column-is-layout-flow\" style=\"flex-basis:90%\"><h2 style=\"line-height:1.1;text-transform:uppercase; margin-right:0px;margin-bottom:0px;margin-left:0px;margin-top:0px;\" class=\"has-link-color wp-elements-e8699a892f915275ae0885867b7a1cf1 wp-block-post-title has-xx-large-font-size\"><a href=\"https:\/\/europanova.eu\/en\/2024\/03\/01\/communique-de-presse-europanova-x-adeno\/\" target=\"_self\" >Communiqu\u00e9 de presse EuropaNova x Les Engag\u00e9s<\/a><\/h2><\/div>\n<\/div>\n\n<\/li><li data-wp-key=\"post-template-item-1762\" class=\"wp-block-post post-1762 post type-post status-publish format-standard hentry category-communiques-de-presse category-conclave category-presse\">\n\n<div class=\"wp-block-columns is-layout-flex wp-container-core-columns-is-layout-6afb4a12 wp-block-columns-is-layout-flex\" style=\"padding-bottom:var(--wp--preset--spacing--50)\">\n<div class=\"wp-block-column is-vertically-aligned-center is-layout-flow wp-block-column-is-layout-flow\" style=\"flex-basis:10%\"><div style=\"letter-spacing:0px; margin-top:2px;\" class=\"wp-block-post-date has-small-font-size\"><time datetime=\"2023-11-24T13:05:09+01:00\">24 November 2023<\/time><\/div><\/div>\n\n\n\n<div class=\"wp-block-column is-vertically-aligned-center is-layout-flow wp-block-column-is-layout-flow\" style=\"flex-basis:90%\"><h2 style=\"line-height:1.1;text-transform:uppercase; margin-right:0px;margin-bottom:0px;margin-left:0px;margin-top:0px;\" class=\"has-link-color wp-elements-e8699a892f915275ae0885867b7a1cf1 wp-block-post-title has-xx-large-font-size\"><a href=\"https:\/\/europanova.eu\/en\/2023\/11\/24\/press-release-conclave-2023\/\" target=\"_self\" >Press Release Conclave 2023<\/a><\/h2><\/div>\n<\/div>\n\n<\/li><\/ul>\n\n<nav class=\"wp-block-query-pagination is-content-justification-space-between is-layout-flex wp-container-core-query-pagination-is-layout-e2853e1a wp-block-query-pagination-is-layout-flex\" aria-label=\"Pagination\">\n\n\n<a data-wp-key=\"query-pagination-next\" data-wp-on--click=\"core\/query::actions.navigate\" data-wp-on--mouseenter=\"core\/query::actions.prefetch\" data-wp-watch=\"core\/query::callbacks.prefetch\" href=\"\/en\/wp-json\/wp\/v2\/pages\/2756?query-4-page=2\" class=\"wp-block-query-pagination-next\">Next Page<span class='wp-block-query-pagination-next-arrow is-arrow-chevron' aria-hidden='true'>\"<\/span><\/a>\n<\/nav><\/div>\n<\/div>","protected":false},"excerpt":{"rendered":"","protected":false},"author":234807144,"featured_media":0,"parent":2755,"menu_order":16,"comment_status":"closed","ping_status":"closed","template":"","meta":{"_crdt_document":"","advanced_seo_description":"","jetpack_seo_html_title":"","jetpack_seo_noindex":false,"jetpack_post_was_ever_published":false,"footnotes":""},"class_list":["post-2756","page","type-page","status-publish","hentry"],"jetpack_likes_enabled":true,"jetpack_sharing_enabled":true,"jetpack_shortlink":"https:\/\/wp.me\/PeMWIh-Is","_links":{"self":[{"href":"https:\/\/europanova.eu\/en\/wp-json\/wp\/v2\/pages\/2756","targetHints":{"allow":["GET"]}}],"collection":[{"href":"https:\/\/europanova.eu\/en\/wp-json\/wp\/v2\/pages"}],"about":[{"href":"https:\/\/europanova.eu\/en\/wp-json\/wp\/v2\/types\/page"}],"author":[{"embeddable":true,"href":"https:\/\/europanova.eu\/en\/wp-json\/wp\/v2\/users\/234807144"}],"replies":[{"embeddable":true,"href":"https:\/\/europanova.eu\/en\/wp-json\/wp\/v2\/comments?post=2756"}],"version-history":[{"count":6,"href":"https:\/\/europanova.eu\/en\/wp-json\/wp\/v2\/pages\/2756\/revisions"}],"predecessor-version":[{"id":2781,"href":"https:\/\/europanova.eu\/en\/wp-json\/wp\/v2\/pages\/2756\/revisions\/2781"}],"up":[{"embeddable":true,"href":"https:\/\/europanova.eu\/en\/wp-json\/wp\/v2\/pages\/2755"}],"wp:attachment":[{"href":"https:\/\/europanova.eu\/en\/wp-json\/wp\/v2\/media?parent=2756"}],"curies":[{"name":"wp","href":"https:\/\/api.w.org\/{rel}","templated":true}]}}