{"id":2587,"date":"2024-01-23T15:56:34","date_gmt":"2024-01-23T14:56:34","guid":{"rendered":"https:\/\/europanova.eu\/?page_id=2587"},"modified":"2024-01-25T18:11:45","modified_gmt":"2024-01-25T17:11:45","slug":"adherez-a-europanova","status":"publish","type":"page","link":"https:\/\/europanova.eu\/en\/rejoignez-nous\/adherez-a-europanova\/","title":{"rendered":"Become a member of EuropaNova"},"content":{"rendered":"<div class=\"wp-block-group alignfull is-layout-flow wp-block-group-is-layout-flow\" style=\"margin-top:0px;margin-bottom:0px;padding-top:30px;padding-bottom:30px\">\n<div class=\"wp-block-columns is-layout-flex wp-container-core-columns-is-layout-f56f613f wp-block-columns-is-layout-flex\">\n<div class=\"wp-block-column is-layout-flow wp-block-column-is-layout-flow\" style=\"flex-basis:25%\"><\/div>\n\n\n\n<div class=\"wp-block-column is-layout-flow wp-block-column-is-layout-flow\" style=\"flex-basis:50%\">\n<figure class=\"wp-block-embed is-type-video is-provider-youtube wp-block-embed-youtube wp-embed-aspect-16-9 wp-has-aspect-ratio\"><div class=\"wp-block-embed__wrapper\">\n<span class=\"embed-youtube\" style=\"text-align:center; display: block;\"><iframe loading=\"lazy\" class=\"youtube-player\" width=\"640\" height=\"360\" src=\"https:\/\/www.youtube.com\/embed\/EDp1sYBqCyM?version=3&#038;rel=1&#038;showsearch=0&#038;showinfo=1&#038;iv_load_policy=1&#038;fs=1&#038;hl=en-GB&#038;autohide=2&#038;wmode=transparent\" allowfullscreen=\"true\" style=\"border:0;\" sandbox=\"allow-scripts allow-same-origin allow-popups allow-presentation allow-popups-to-escape-sandbox\"><\/iframe><\/span>\n<\/div><\/figure>\n<\/div>\n\n\n\n<div class=\"wp-block-column is-layout-flow wp-block-column-is-layout-flow\" style=\"flex-basis:25%\"><\/div>\n<\/div>\n\n\n\n<p class=\"has-text-align-center has-large-font-size wp-block-paragraph\"><strong>Under 30s: Free EuropaNova membership<\/strong><\/p>\n\n\n\n<p class=\"wp-block-paragraph\">EuropaNova opens its doors to Europe's younger generation! If you're under 30, this is an exceptional opportunity to immerse yourself in the debates and initiatives shaping Europe's future. By joining EuropaNova free of charge, you become part of a dynamic and committed community.<\/p>\n\n\n\n<p class=\"wp-block-paragraph\"><strong>How can I join?<\/strong> It's so easy! Fill in the membership form below and start your journey with EuropaNova. As a member, you'll receive all our information, in-depth analyses and invitations to our exclusive events. It's a great opportunity to network, learn and actively participate in debates about the future of our continent.<\/p>\n\n\n<div class=\"wp-block-jetpack-contact-form is-layout-flex wp-container-jetpack-contact-form-is-layout-38f238bf wp-block-jetpack-contact-form-is-layout-flex\"><a href=\"https:\/\/europanova.eu\/en\/rejoignez-nous\/adherez-a-europanova\/\" target=\"_blank\" rel=\"noopener noreferrer\">Submit a form.<\/a><\/div>\n\n\n<p class=\"wp-block-paragraph\"><strong>For others: subscribe and support EuropaNova<\/strong><\/p>\n\n\n\n<p class=\"wp-block-paragraph\">If you're over 30, you can still be an integral part of our movement. Subscribe to our newsletter to keep up to date with the latest EuropaNova news, analysis and events.<\/p>\n\n\n\n<p class=\"wp-block-paragraph\">You can choose to support EuropaNova by making a donation, joining Club EuropaNova, or becoming a partner. Your support is crucial to enable us to continue organizing quality events, producing relevant analysis and fostering dialogue within the European community.<\/p>\n<\/div>","protected":false},"excerpt":{"rendered":"<p>Pour les moins de 30 ans : Adh\u00e9sion Gratuite \u00e0 EuropaNova EuropaNova ouvre ses portes \u00e0 la jeune g\u00e9n\u00e9ration europ\u00e9enne ! Si vous avez moins de 30 ans, c&rsquo;est une opportunit\u00e9 exceptionnelle de vous immerger dans les d\u00e9bats et les initiatives qui fa\u00e7onnent l&rsquo;avenir de l&rsquo;Europe. En adh\u00e9rant gratuitement \u00e0 EuropaNova, vous entrez dans une [&hellip;]<\/p>\n","protected":false},"author":234807144,"featured_media":0,"parent":2823,"menu_order":23,"comment_status":"closed","ping_status":"closed","template":"","meta":{"_crdt_document":"","advanced_seo_description":"","jetpack_seo_html_title":"","jetpack_seo_noindex":false,"footnotes":""},"class_list":["post-2587","page","type-page","status-publish","hentry"],"jetpack_likes_enabled":true,"jetpack_sharing_enabled":true,"jetpack_shortlink":"https:\/\/wp.me\/PeMWIh-FJ","_links":{"self":[{"href":"https:\/\/europanova.eu\/en\/wp-json\/wp\/v2\/pages\/2587","targetHints":{"allow":["GET"]}}],"collection":[{"href":"https:\/\/europanova.eu\/en\/wp-json\/wp\/v2\/pages"}],"about":[{"href":"https:\/\/europanova.eu\/en\/wp-json\/wp\/v2\/types\/page"}],"author":[{"embeddable":true,"href":"https:\/\/europanova.eu\/en\/wp-json\/wp\/v2\/users\/234807144"}],"replies":[{"embeddable":true,"href":"https:\/\/europanova.eu\/en\/wp-json\/wp\/v2\/comments?post=2587"}],"version-history":[{"count":16,"href":"https:\/\/europanova.eu\/en\/wp-json\/wp\/v2\/pages\/2587\/revisions"}],"predecessor-version":[{"id":2741,"href":"https:\/\/europanova.eu\/en\/wp-json\/wp\/v2\/pages\/2587\/revisions\/2741"}],"up":[{"embeddable":true,"href":"https:\/\/europanova.eu\/en\/wp-json\/wp\/v2\/pages\/2823"}],"wp:attachment":[{"href":"https:\/\/europanova.eu\/en\/wp-json\/wp\/v2\/media?parent=2587"}],"curies":[{"name":"wp","href":"https:\/\/api.w.org\/{rel}","templated":true}]}}