{"id":2072,"date":"2024-01-12T16:30:13","date_gmt":"2024-01-12T15:30:13","guid":{"rendered":"https:\/\/europanova.eu\/?page_id=2072"},"modified":"2024-01-25T15:07:16","modified_gmt":"2024-01-25T14:07:16","slug":"qui-sommes-nous","status":"publish","type":"page","link":"https:\/\/europanova.eu\/en\/qui-sommes-nous\/","title":{"rendered":"About us"},"content":{"rendered":"<div class=\"wp-block-group alignfull has-ast-global-color-4-background-color has-background has-global-padding is-layout-constrained wp-container-core-group-is-layout-14650f78 wp-block-group-is-layout-constrained\" style=\"padding-top:var(--wp--preset--spacing--70);padding-right:var(--wp--preset--spacing--50);padding-bottom:var(--wp--preset--spacing--70);padding-left:var(--wp--preset--spacing--50)\">\n<div class=\"wp-block-columns alignwide is-layout-flex wp-container-core-columns-is-layout-f56f613f wp-block-columns-is-layout-flex\">\n<div class=\"wp-block-column is-layout-flow wp-block-column-is-layout-flow\">\n<div class=\"wp-block-group alignwide has-ast-global-color-5-background-color has-background has-global-padding is-layout-constrained wp-container-core-group-is-layout-0bcf989a wp-block-group-is-layout-constrained\" style=\"padding-top:0px;padding-right:0px;padding-bottom:0px;padding-left:0px\">\n<div class=\"wp-block-columns is-layout-flex wp-container-core-columns-is-layout-f56f613f wp-block-columns-is-layout-flex\">\n<div class=\"wp-block-column is-layout-flow wp-block-column-is-layout-flow\">\n<figure class=\"wp-block-image size-large\"><img data-recalc-dims=\"1\" loading=\"lazy\" decoding=\"async\" width=\"2362\" height=\"2363\" data-attachment-id=\"2175\" data-permalink=\"https:\/\/europanova.eu\/en\/gk-4\/\" data-orig-file=\"https:\/\/i0.wp.com\/europanova.eu\/wp-content\/uploads\/2024\/01\/gk-edited.jpeg?fit=2362%2C2363&amp;ssl=1\" data-orig-size=\"2362,2363\" data-comments-opened=\"1\" data-image-meta=\"{&quot;aperture&quot;:&quot;4&quot;,&quot;credit&quot;:&quot;&quot;,&quot;camera&quot;:&quot;Canon EOS 6D Mark II&quot;,&quot;caption&quot;:&quot;&quot;,&quot;created_timestamp&quot;:&quot;1700980642&quot;,&quot;copyright&quot;:&quot;&quot;,&quot;focal_length&quot;:&quot;85&quot;,&quot;iso&quot;:&quot;1600&quot;,&quot;shutter_speed&quot;:&quot;0.025&quot;,&quot;title&quot;:&quot;&quot;,&quot;orientation&quot;:&quot;0&quot;}\" data-image-title=\"gk\" data-image-description=\"\" data-image-caption=\"\" data-medium-file=\"https:\/\/i0.wp.com\/europanova.eu\/wp-content\/uploads\/2024\/01\/gk-edited.jpeg?fit=300%2C300&amp;ssl=1\" data-large-file=\"https:\/\/i0.wp.com\/europanova.eu\/wp-content\/uploads\/2024\/01\/gk-edited.jpeg?fit=1024%2C1024&amp;ssl=1\" src=\"https:\/\/i0.wp.com\/europanova.eu\/wp-content\/uploads\/2024\/01\/gk-edited.jpeg?resize=2362%2C2363&#038;ssl=1\" alt=\"\" class=\"wp-image-2175\" style=\"aspect-ratio:1;object-fit:cover\"\/><\/figure>\n<\/div>\n\n\n\n<div class=\"wp-block-column is-vertically-aligned-center is-layout-flow wp-container-core-column-is-layout-c593dbc8 wp-block-column-is-layout-flow\">\n<h2 class=\"wp-block-heading has-large-font-size\"><a href=\"https:\/\/europanova.eu\/en\/?page_id=2081\">Board of Directors<\/a><\/h2>\n<\/div>\n<\/div>\n\n\n\n<div style=\"height:20px\" aria-hidden=\"true\" class=\"wp-block-spacer\"><\/div>\n<\/div>\n<\/div>\n\n\n\n<div class=\"wp-block-column is-layout-flow wp-block-column-is-layout-flow\">\n<div class=\"wp-block-group alignwide has-ast-global-color-5-background-color has-background has-global-padding is-layout-constrained wp-container-core-group-is-layout-0bcf989a wp-block-group-is-layout-constrained\" style=\"padding-top:0px;padding-right:0px;padding-bottom:0px;padding-left:0px\">\n<div class=\"wp-block-columns is-layout-flex wp-container-core-columns-is-layout-f56f613f wp-block-columns-is-layout-flex\">\n<div class=\"wp-block-column is-layout-flow wp-block-column-is-layout-flow\">\n<figure class=\"wp-block-image size-full\"><img data-recalc-dims=\"1\" loading=\"lazy\" decoding=\"async\" width=\"320\" height=\"320\" data-attachment-id=\"2719\" data-permalink=\"https:\/\/europanova.eu\/en\/7790918d-0953-4d52-8b35-797c3d346915-5\/\" data-orig-file=\"https:\/\/i0.wp.com\/europanova.eu\/wp-content\/uploads\/2024\/01\/7790918d-0953-4d52-8b35-797c3d346915-edited-3.jpeg?fit=320%2C320&amp;ssl=1\" data-orig-size=\"320,320\" data-comments-opened=\"0\" data-image-meta=\"{&quot;aperture&quot;:&quot;0&quot;,&quot;credit&quot;:&quot;&quot;,&quot;camera&quot;:&quot;&quot;,&quot;caption&quot;:&quot;&quot;,&quot;created_timestamp&quot;:&quot;0&quot;,&quot;copyright&quot;:&quot;&quot;,&quot;focal_length&quot;:&quot;0&quot;,&quot;iso&quot;:&quot;0&quot;,&quot;shutter_speed&quot;:&quot;0&quot;,&quot;title&quot;:&quot;&quot;,&quot;orientation&quot;:&quot;0&quot;}\" data-image-title=\"7790918d-0953-4d52-8b35-797c3d346915\" data-image-description=\"\" data-image-caption=\"\" data-medium-file=\"https:\/\/i0.wp.com\/europanova.eu\/wp-content\/uploads\/2024\/01\/7790918d-0953-4d52-8b35-797c3d346915-edited-3.jpeg?fit=300%2C300&amp;ssl=1\" data-large-file=\"https:\/\/i0.wp.com\/europanova.eu\/wp-content\/uploads\/2024\/01\/7790918d-0953-4d52-8b35-797c3d346915-edited-3.jpeg?fit=320%2C320&amp;ssl=1\" src=\"https:\/\/i0.wp.com\/europanova.eu\/wp-content\/uploads\/2024\/01\/7790918d-0953-4d52-8b35-797c3d346915-edited-3.jpeg?resize=320%2C320&#038;ssl=1\" alt=\"\" class=\"wp-image-2719\" style=\"aspect-ratio:1;object-fit:cover\" srcset=\"https:\/\/i0.wp.com\/europanova.eu\/wp-content\/uploads\/2024\/01\/7790918d-0953-4d52-8b35-797c3d346915-edited-3.jpeg?w=320&amp;ssl=1 320w, https:\/\/i0.wp.com\/europanova.eu\/wp-content\/uploads\/2024\/01\/7790918d-0953-4d52-8b35-797c3d346915-edited-3.jpeg?resize=300%2C300&amp;ssl=1 300w, https:\/\/i0.wp.com\/europanova.eu\/wp-content\/uploads\/2024\/01\/7790918d-0953-4d52-8b35-797c3d346915-edited-3.jpeg?resize=150%2C150&amp;ssl=1 150w, https:\/\/i0.wp.com\/europanova.eu\/wp-content\/uploads\/2024\/01\/7790918d-0953-4d52-8b35-797c3d346915-edited-3.jpeg?resize=12%2C12&amp;ssl=1 12w, https:\/\/i0.wp.com\/europanova.eu\/wp-content\/uploads\/2024\/01\/7790918d-0953-4d52-8b35-797c3d346915-edited-3.jpeg?resize=200%2C200&amp;ssl=1 200w\" sizes=\"auto, (max-width: 320px) 100vw, 320px\" \/><\/figure>\n<\/div>\n\n\n\n<div class=\"wp-block-column is-vertically-aligned-center is-layout-flow wp-container-core-column-is-layout-c593dbc8 wp-block-column-is-layout-flow\">\n<h2 class=\"wp-block-heading has-large-font-size\"><a href=\"https:\/\/europanova.eu\/en\/la-direction-generale\/\">Executive Direction<\/a><\/h2>\n<\/div>\n<\/div>\n\n\n\n<div style=\"height:20px\" aria-hidden=\"true\" class=\"wp-block-spacer\"><\/div>\n<\/div>\n<\/div>\n<\/div>\n\n\n\n<div class=\"wp-block-columns alignwide is-layout-flex wp-container-core-columns-is-layout-f56f613f wp-block-columns-is-layout-flex\">\n<div class=\"wp-block-column is-layout-flow wp-block-column-is-layout-flow\">\n<div style=\"height:20px\" aria-hidden=\"true\" class=\"wp-block-spacer\"><\/div>\n\n\n\n<div class=\"wp-block-group alignwide has-ast-global-color-5-background-color has-background has-global-padding is-layout-constrained wp-container-core-group-is-layout-0bcf989a wp-block-group-is-layout-constrained\" style=\"padding-top:0px;padding-right:0px;padding-bottom:0px;padding-left:0px\">\n<div class=\"wp-block-columns is-layout-flex wp-container-core-columns-is-layout-f56f613f wp-block-columns-is-layout-flex\">\n<div class=\"wp-block-column is-layout-flow wp-block-column-is-layout-flow\">\n<figure class=\"wp-block-image size-full\"><img data-recalc-dims=\"1\" loading=\"lazy\" decoding=\"async\" width=\"812\" height=\"812\" data-attachment-id=\"2723\" data-permalink=\"https:\/\/europanova.eu\/en\/day-3-197-4\/\" data-orig-file=\"https:\/\/i0.wp.com\/europanova.eu\/wp-content\/uploads\/2024\/01\/day-3-197-edited-2.jpg?fit=812%2C812&amp;ssl=1\" data-orig-size=\"812,812\" data-comments-opened=\"0\" data-image-meta=\"{&quot;aperture&quot;:&quot;16&quot;,&quot;credit&quot;:&quot;&quot;,&quot;camera&quot;:&quot;Canon EOS 6D Mark II&quot;,&quot;caption&quot;:&quot;&quot;,&quot;created_timestamp&quot;:&quot;1701039740&quot;,&quot;copyright&quot;:&quot;&quot;,&quot;focal_length&quot;:&quot;32&quot;,&quot;iso&quot;:&quot;1600&quot;,&quot;shutter_speed&quot;:&quot;0.01&quot;,&quot;title&quot;:&quot;&quot;,&quot;orientation&quot;:&quot;0&quot;}\" data-image-title=\"day-3-197\" data-image-description=\"\" data-image-caption=\"\" data-medium-file=\"https:\/\/i0.wp.com\/europanova.eu\/wp-content\/uploads\/2024\/01\/day-3-197-edited-2.jpg?fit=300%2C300&amp;ssl=1\" data-large-file=\"https:\/\/i0.wp.com\/europanova.eu\/wp-content\/uploads\/2024\/01\/day-3-197-edited-2.jpg?fit=812%2C812&amp;ssl=1\" src=\"https:\/\/i0.wp.com\/europanova.eu\/wp-content\/uploads\/2024\/01\/day-3-197-edited-2.jpg?resize=812%2C812&#038;ssl=1\" alt=\"\" class=\"wp-image-2723\" style=\"object-fit:cover\" srcset=\"https:\/\/i0.wp.com\/europanova.eu\/wp-content\/uploads\/2024\/01\/day-3-197-edited-2.jpg?w=812&amp;ssl=1 812w, https:\/\/i0.wp.com\/europanova.eu\/wp-content\/uploads\/2024\/01\/day-3-197-edited-2.jpg?resize=300%2C300&amp;ssl=1 300w, https:\/\/i0.wp.com\/europanova.eu\/wp-content\/uploads\/2024\/01\/day-3-197-edited-2.jpg?resize=150%2C150&amp;ssl=1 150w, https:\/\/i0.wp.com\/europanova.eu\/wp-content\/uploads\/2024\/01\/day-3-197-edited-2.jpg?resize=768%2C768&amp;ssl=1 768w, https:\/\/i0.wp.com\/europanova.eu\/wp-content\/uploads\/2024\/01\/day-3-197-edited-2.jpg?resize=12%2C12&amp;ssl=1 12w, https:\/\/i0.wp.com\/europanova.eu\/wp-content\/uploads\/2024\/01\/day-3-197-edited-2.jpg?resize=800%2C800&amp;ssl=1 800w, https:\/\/i0.wp.com\/europanova.eu\/wp-content\/uploads\/2024\/01\/day-3-197-edited-2.jpg?resize=600%2C600&amp;ssl=1 600w, https:\/\/i0.wp.com\/europanova.eu\/wp-content\/uploads\/2024\/01\/day-3-197-edited-2.jpg?resize=400%2C400&amp;ssl=1 400w, https:\/\/i0.wp.com\/europanova.eu\/wp-content\/uploads\/2024\/01\/day-3-197-edited-2.jpg?resize=200%2C200&amp;ssl=1 200w\" sizes=\"auto, (max-width: 812px) 100vw, 812px\" \/><\/figure>\n<\/div>\n\n\n\n<div class=\"wp-block-column is-vertically-aligned-center is-layout-flow wp-container-core-column-is-layout-c593dbc8 wp-block-column-is-layout-flow\">\n<h2 class=\"wp-block-heading has-large-font-size\"><a href=\"https:\/\/europanova.eu\/en\/lequipe\/\">The team<\/a><\/h2>\n<\/div>\n<\/div>\n<\/div>\n\n\n\n<div style=\"height:20px\" aria-hidden=\"true\" class=\"wp-block-spacer\"><\/div>\n<\/div>\n\n\n\n<div class=\"wp-block-column is-layout-flow wp-block-column-is-layout-flow\">\n<div class=\"wp-block-group alignwide has-ast-global-color-5-background-color has-background has-global-padding is-layout-constrained wp-container-core-group-is-layout-0bcf989a wp-block-group-is-layout-constrained\" style=\"padding-top:0px;padding-right:0px;padding-bottom:0px;padding-left:0px\">\n<div style=\"height:20px\" aria-hidden=\"true\" class=\"wp-block-spacer\"><\/div>\n\n\n\n<div class=\"wp-block-columns is-layout-flex wp-container-core-columns-is-layout-f56f613f wp-block-columns-is-layout-flex\">\n<div class=\"wp-block-column is-layout-flow wp-block-column-is-layout-flow\">\n<figure class=\"wp-block-image size-full\"><img data-recalc-dims=\"1\" loading=\"lazy\" decoding=\"async\" width=\"1300\" height=\"910\" data-attachment-id=\"2091\" data-permalink=\"https:\/\/europanova.eu\/en\/qui-sommes-nous\/chjpdmf0zs9zdgf0awmvaw1hz2uvd2vic2l0zs8ymdiylta0l2xyl3b4njqxndgzlwltywdllwt3dnhsdzu5lmpwzw\/\" data-orig-file=\"https:\/\/i0.wp.com\/europanova.eu\/wp-content\/uploads\/2024\/01\/chjpdmf0zs9zdgf0awmvaw1hz2uvd2vic2l0zs8ymdiylta0l2xyl3b4njqxndgzlwltywdllwt3dnhsdzu5lmpwzw.jpg?fit=1300%2C910&amp;ssl=1\" data-orig-size=\"1300,910\" data-comments-opened=\"1\" data-image-meta=\"{&quot;aperture&quot;:&quot;0&quot;,&quot;credit&quot;:&quot;rawpixel.com&quot;,&quot;camera&quot;:&quot;&quot;,&quot;caption&quot;:&quot;Free European Union flags image, public domain CC0 photo.\\n\\nMore:\\n\\n View public domain image source &lt;a href=\\&quot;https:\/\/pxhere.com\/en\/photo\/641483\\&quot;&gt;here&lt;\/a&gt;&quot;,&quot;created_timestamp&quot;:&quot;0&quot;,&quot;copyright&quot;:&quot;&quot;,&quot;focal_length&quot;:&quot;0&quot;,&quot;iso&quot;:&quot;0&quot;,&quot;shutter_speed&quot;:&quot;0&quot;,&quot;title&quot;:&quot;&quot;,&quot;orientation&quot;:&quot;1&quot;}\" data-image-title=\"Free European Union flags image\" data-image-description=\"&lt;p&gt;Free European Union flags image, public domain CC0 photo.&lt;\/p&gt;&lt;p&gt;More:&lt;\/p&gt;&lt;p&gt; View public domain image source &lt;a href=&quot;https:\/\/pxhere.com\/en\/photo\/641483&quot;&gt;here&lt;\/a&gt;&lt;\/p&gt;\" data-image-caption=\"\" data-medium-file=\"https:\/\/i0.wp.com\/europanova.eu\/wp-content\/uploads\/2024\/01\/chjpdmf0zs9zdgf0awmvaw1hz2uvd2vic2l0zs8ymdiylta0l2xyl3b4njqxndgzlwltywdllwt3dnhsdzu5lmpwzw.jpg?fit=300%2C210&amp;ssl=1\" data-large-file=\"https:\/\/i0.wp.com\/europanova.eu\/wp-content\/uploads\/2024\/01\/chjpdmf0zs9zdgf0awmvaw1hz2uvd2vic2l0zs8ymdiylta0l2xyl3b4njqxndgzlwltywdllwt3dnhsdzu5lmpwzw.jpg?fit=1024%2C717&amp;ssl=1\" src=\"https:\/\/i0.wp.com\/europanova.eu\/wp-content\/uploads\/2024\/01\/chjpdmf0zs9zdgf0awmvaw1hz2uvd2vic2l0zs8ymdiylta0l2xyl3b4njqxndgzlwltywdllwt3dnhsdzu5lmpwzw.jpg?resize=1300%2C910&#038;ssl=1\" alt=\"\" class=\"wp-image-2091\" style=\"aspect-ratio:1;object-fit:cover\"\/><\/figure>\n<\/div>\n\n\n\n<div class=\"wp-block-column is-vertically-aligned-center is-layout-flow wp-container-core-column-is-layout-c593dbc8 wp-block-column-is-layout-flow\">\n<h2 class=\"wp-block-heading has-large-font-size\"><a href=\"https:\/\/europanova.eu\/en\/le-comite-scientifique\/\">The Scientific Committee<\/a><\/h2>\n<\/div>\n<\/div>\n\n\n\n<div style=\"height:20px\" aria-hidden=\"true\" class=\"wp-block-spacer\"><\/div>\n<\/div>\n<\/div>\n<\/div>\n\n\n\n<div class=\"wp-block-columns alignwide is-layout-flex wp-container-core-columns-is-layout-f56f613f wp-block-columns-is-layout-flex\">\n<div class=\"wp-block-column is-layout-flow wp-block-column-is-layout-flow\">\n<div class=\"wp-block-group alignwide has-ast-global-color-5-background-color has-background has-global-padding is-layout-constrained wp-container-core-group-is-layout-0bcf989a wp-block-group-is-layout-constrained\" style=\"padding-top:0px;padding-right:0px;padding-bottom:0px;padding-left:0px\">\n<div class=\"wp-block-columns is-layout-flex wp-container-core-columns-is-layout-f56f613f wp-block-columns-is-layout-flex\">\n<div class=\"wp-block-column is-layout-flow wp-block-column-is-layout-flow\">\n<figure class=\"wp-block-image size-large\"><img data-recalc-dims=\"1\" loading=\"lazy\" decoding=\"async\" width=\"1772\" height=\"1181\" data-attachment-id=\"2115\" data-permalink=\"https:\/\/europanova.eu\/en\/day-3-84\/\" data-orig-file=\"https:\/\/i0.wp.com\/europanova.eu\/wp-content\/uploads\/2024\/01\/day-3-84.jpg?fit=1772%2C1181&amp;ssl=1\" data-orig-size=\"1772,1181\" data-comments-opened=\"1\" data-image-meta=\"{&quot;aperture&quot;:&quot;14&quot;,&quot;credit&quot;:&quot;&quot;,&quot;camera&quot;:&quot;Canon EOS 6D Mark II&quot;,&quot;caption&quot;:&quot;&quot;,&quot;created_timestamp&quot;:&quot;1701033168&quot;,&quot;copyright&quot;:&quot;&quot;,&quot;focal_length&quot;:&quot;24&quot;,&quot;iso&quot;:&quot;1600&quot;,&quot;shutter_speed&quot;:&quot;0.01&quot;,&quot;title&quot;:&quot;&quot;,&quot;orientation&quot;:&quot;0&quot;}\" data-image-title=\"day-3-84\" data-image-description=\"\" data-image-caption=\"\" data-medium-file=\"https:\/\/i0.wp.com\/europanova.eu\/wp-content\/uploads\/2024\/01\/day-3-84.jpg?fit=300%2C200&amp;ssl=1\" data-large-file=\"https:\/\/i0.wp.com\/europanova.eu\/wp-content\/uploads\/2024\/01\/day-3-84.jpg?fit=1024%2C682&amp;ssl=1\" src=\"https:\/\/i0.wp.com\/europanova.eu\/wp-content\/uploads\/2024\/01\/day-3-84.jpg?resize=1772%2C1181&#038;ssl=1\" alt=\"\" class=\"wp-image-2115\" style=\"aspect-ratio:1;object-fit:cover\"\/><\/figure>\n<\/div>\n\n\n\n<div class=\"wp-block-column is-vertically-aligned-center is-layout-flow wp-container-core-column-is-layout-c593dbc8 wp-block-column-is-layout-flow\">\n<h2 class=\"wp-block-heading has-large-font-size\"><a href=\"https:\/\/europanova.eu\/en\/comite-dorganisation-du-conclave\/\">Conclave Organisation Committee<\/a><\/h2>\n<\/div>\n<\/div>\n\n\n\n<div style=\"height:20px\" aria-hidden=\"true\" class=\"wp-block-spacer\"><\/div>\n<\/div>\n<\/div>\n\n\n\n<div class=\"wp-block-column is-layout-flow wp-block-column-is-layout-flow\">\n<div class=\"wp-block-group alignwide has-ast-global-color-5-background-color has-background has-global-padding is-layout-constrained wp-container-core-group-is-layout-0bcf989a wp-block-group-is-layout-constrained\" style=\"padding-top:0px;padding-right:0px;padding-bottom:0px;padding-left:0px\">\n<div style=\"height:20px\" aria-hidden=\"true\" class=\"wp-block-spacer\"><\/div>\n<\/div>\n<\/div>\n<\/div>\n<\/div>","protected":false},"excerpt":{"rendered":"<p>Le conseil d&rsquo;administration La direction g\u00e9n\u00e9rale L&rsquo;\u00e9quipe Le comit\u00e9 scientifique Comit\u00e9 d&rsquo;organisation du Conclave<\/p>","protected":false},"author":234807144,"featured_media":0,"parent":0,"menu_order":8,"comment_status":"closed","ping_status":"closed","template":"","meta":{"_crdt_document":"","advanced_seo_description":"","jetpack_seo_html_title":"","jetpack_seo_noindex":false,"jetpack_post_was_ever_published":false,"footnotes":""},"class_list":["post-2072","page","type-page","status-publish","hentry"],"jetpack_likes_enabled":true,"jetpack_sharing_enabled":true,"jetpack_shortlink":"https:\/\/wp.me\/PeMWIh-xq","_links":{"self":[{"href":"https:\/\/europanova.eu\/en\/wp-json\/wp\/v2\/pages\/2072","targetHints":{"allow":["GET"]}}],"collection":[{"href":"https:\/\/europanova.eu\/en\/wp-json\/wp\/v2\/pages"}],"about":[{"href":"https:\/\/europanova.eu\/en\/wp-json\/wp\/v2\/types\/page"}],"author":[{"embeddable":true,"href":"https:\/\/europanova.eu\/en\/wp-json\/wp\/v2\/users\/234807144"}],"replies":[{"embeddable":true,"href":"https:\/\/europanova.eu\/en\/wp-json\/wp\/v2\/comments?post=2072"}],"version-history":[{"count":15,"href":"https:\/\/europanova.eu\/en\/wp-json\/wp\/v2\/pages\/2072\/revisions"}],"predecessor-version":[{"id":2725,"href":"https:\/\/europanova.eu\/en\/wp-json\/wp\/v2\/pages\/2072\/revisions\/2725"}],"wp:attachment":[{"href":"https:\/\/europanova.eu\/en\/wp-json\/wp\/v2\/media?parent=2072"}],"curies":[{"name":"wp","href":"https:\/\/api.w.org\/{rel}","templated":true}]}}